{"id":7553,"date":"2025-03-25T20:31:56","date_gmt":"2025-03-25T20:31:56","guid":{"rendered":"https:\/\/najitkrista.org\/?page_id=7553"},"modified":"2025-03-25T21:20:41","modified_gmt":"2025-03-25T21:20:41","slug":"church-expectations-thank-you","status":"publish","type":"page","link":"https:\/\/najitkrista.org\/sk\/service\/nedelni-bohosluzba\/co-muzete-v-cirkvi-ocekavat\/church-expectations-thank-you\/","title":{"rendered":"Church Expectations | Thank You"},"content":{"rendered":"<div data-elementor-type=\"wp-page\" data-elementor-id=\"7553\" class=\"elementor elementor-7553\" data-elementor-post-type=\"page\">\n\t\t\t\t<div class=\"elementor-element elementor-element-f21d49f e-con-full e-flex e-con e-parent\" data-id=\"f21d49f\" data-element_type=\"container\" data-settings=\"{&quot;background_background&quot;:&quot;classic&quot;}\">\n\t\t<div class=\"elementor-element elementor-element-93198cb e-flex e-con-boxed e-con e-child\" data-id=\"93198cb\" data-element_type=\"container\">\n\t\t\t\t\t<div class=\"e-con-inner\">\n\t\t<div class=\"elementor-element elementor-element-5b1dcc8 e-con-full e-flex e-con e-child\" data-id=\"5b1dcc8\" data-element_type=\"container\" data-settings=\"{&quot;background_background&quot;:&quot;classic&quot;}\">\n\t\t\t\t<div class=\"elementor-element elementor-element-3c772a5 elementor-widget elementor-widget-heading\" data-id=\"3c772a5\" data-element_type=\"widget\" data-widget_type=\"heading.default\">\n\t\t\t\t<div class=\"elementor-widget-container\">\n\t\t\t\t\t<h4 class=\"elementor-heading-title elementor-size-default\">Pr\u00ed\u010fte na bohoslu\u017ebu<\/h4>\t\t\t\t<\/div>\n\t\t\t\t<\/div>\n\t\t\t\t<div class=\"elementor-element elementor-element-f543c97 elementor-widget elementor-widget-heading\" data-id=\"f543c97\" data-element_type=\"widget\" data-widget_type=\"heading.default\">\n\t\t\t\t<div class=\"elementor-widget-container\">\n\t\t\t\t\t<h1 class=\"elementor-heading-title elementor-size-default\">Sme ve\u013emi radi, \u017ee ste n\u00e1s kontaktovali!<\/h1>\t\t\t\t<\/div>\n\t\t\t\t<\/div>\n\t\t\t\t<div class=\"elementor-element elementor-element-7856bb8 elementor-widget elementor-widget-heading\" data-id=\"7856bb8\" data-element_type=\"widget\" data-widget_type=\"heading.default\">\n\t\t\t\t<div class=\"elementor-widget-container\">\n\t\t\t\t\t<h5 class=\"elementor-heading-title elementor-size-default\">\u010eakujeme, \u017ee ste sa zaregistrovali a chcete sa dozvedie\u0165 viac o Cirkvi Je\u017ei\u0161a Krista Sv\u00e4t\u00fdch neskor\u0161\u00edch dn\u00ed!<\/h5>\t\t\t\t<\/div>\n\t\t\t\t<\/div>\n\t\t\t\t<\/div>\n\t\t\t\t\t<\/div>\n\t\t\t\t<\/div>\n\t\t\t\t<\/div>\n\t\t<div class=\"elementor-element elementor-element-4d06661 e-flex e-con-boxed e-con e-parent\" data-id=\"4d06661\" data-element_type=\"container\" data-settings=\"{&quot;background_background&quot;:&quot;classic&quot;}\">\n\t\t\t\t\t<div class=\"e-con-inner\">\n\t\t<div class=\"elementor-element elementor-element-d3e99a0 e-con-full e-flex e-con e-child\" data-id=\"d3e99a0\" data-element_type=\"container\">\n\t\t<div class=\"elementor-element elementor-element-3ffb214 e-con-full e-flex e-con e-child\" data-id=\"3ffb214\" data-element_type=\"container\">\n\t\t\t\t<div class=\"elementor-element elementor-element-d8a9b9d elementor-widget elementor-widget-heading\" data-id=\"d8a9b9d\" data-element_type=\"widget\" data-widget_type=\"heading.default\">\n\t\t\t\t<div class=\"elementor-widget-container\">\n\t\t\t\t\t<h2 class=\"elementor-heading-title elementor-size-default\">Mision\u00e1ri v\u00e1s bud\u00fa \u010doskoro kontaktova\u0165\n<\/h2>\t\t\t\t<\/div>\n\t\t\t\t<\/div>\n\t\t\t\t<div class=\"elementor-element elementor-element-d73ecd0 elementor-widget elementor-widget-text-editor\" data-id=\"d73ecd0\" data-element_type=\"widget\" data-widget_type=\"text-editor.default\">\n\t\t\t\t<div class=\"elementor-widget-container\">\n\t\t\t\t\t\t\t\t\t<p><span style=\"font-weight: 400;\">V\u00e1\u0161 z\u00e1ujem dozvedie\u0165 sa viac o na\u0161ej viere a nav\u0161tevova\u0165 bohoslu\u017eby je ve\u013ek\u00fdm krokom a my v\u00e1s chceme uisti\u0165, \u017ee rob\u00edte skvel\u00e9 rozhodnutie.<\/span><\/p><p><span style=\"font-weight: 400;\">Na\u0161i mision\u00e1ri v\u00e1s bud\u00fa \u010doskoro kontaktova\u0165, aby v\u00e1m odpovedali na v\u0161etky ot\u00e1zky a pomohli v\u00e1m pripravi\u0165 sa na n\u00e1v\u0161tevu. S\u00fa tu, aby v\u00e1s usmer\u0148ovali a podporovali, preto sa ich nev\u00e1hajte na \u010doko\u013evek op\u00fdta\u0165.\u00a0<\/span><\/p><p><span style=\"font-weight: 400;\">\u010ci u\u017e v\u00e1s zauj\u00edma u\u010denie, rozvrh cirkvi alebo \u010do m\u00f4\u017eete o\u010dak\u00e1va\u0165 po\u010das bohoslu\u017eby, radi v\u00e1m pom\u00f4\u017eu!<\/span><\/p>\t\t\t\t\t\t\t\t<\/div>\n\t\t\t\t<\/div>\n\t\t<div class=\"elementor-element elementor-element-fb475ac e-con-full e-flex e-con e-child\" data-id=\"fb475ac\" data-element_type=\"container\">\n\t\t<div class=\"elementor-element elementor-element-f46a1f9 e-con-full e-flex e-con e-child\" data-id=\"f46a1f9\" data-element_type=\"container\">\n\t\t\t\t<div class=\"elementor-element elementor-element-00a00e1 elementor-widget elementor-widget-image\" data-id=\"00a00e1\" data-element_type=\"widget\" data-widget_type=\"image.default\">\n\t\t\t\t<div class=\"elementor-widget-container\">\n\t\t\t\t\t\t\t\t\t\t\t\t\t\t\t<img decoding=\"async\" src=\"https:\/\/najitkrista.org\/wp-content\/uploads\/elementor\/thumbs\/Missionaries2-r3ebkx7hd7gq8b55mfsv3yxallupg5t4mvuqia4wxe.jpg\" title=\"Missionaries2\" alt=\"Missionaries2\" loading=\"lazy\" \/>\t\t\t\t\t\t\t\t\t\t\t\t\t\t\t<\/div>\n\t\t\t\t<\/div>\n\t\t\t\t<\/div>\n\t\t<div class=\"elementor-element elementor-element-1c7c1bd e-con-full e-flex e-con e-child\" data-id=\"1c7c1bd\" data-element_type=\"container\">\n\t\t\t\t<div class=\"elementor-element elementor-element-f3304dd elementor-widget elementor-widget-image\" data-id=\"f3304dd\" data-element_type=\"widget\" data-widget_type=\"image.default\">\n\t\t\t\t<div class=\"elementor-widget-container\">\n\t\t\t\t\t\t\t\t\t\t\t\t\t\t\t<img decoding=\"async\" src=\"https:\/\/najitkrista.org\/wp-content\/uploads\/elementor\/thumbs\/Missionaries1-r3ebkx7hd7gq8b55mfsv3yxallupg5t4mvuqia4wxe.jpg\" title=\"Missionaries1\" alt=\"Missionaries1\" loading=\"lazy\" \/>\t\t\t\t\t\t\t\t\t\t\t\t\t\t\t<\/div>\n\t\t\t\t<\/div>\n\t\t\t\t<\/div>\n\t\t<div class=\"elementor-element elementor-element-512d6b7 e-con-full e-flex e-con e-child\" data-id=\"512d6b7\" data-element_type=\"container\">\n\t\t\t\t<div class=\"elementor-element elementor-element-bc78e83 elementor-widget elementor-widget-image\" data-id=\"bc78e83\" data-element_type=\"widget\" data-widget_type=\"image.default\">\n\t\t\t\t<div class=\"elementor-widget-container\">\n\t\t\t\t\t\t\t\t\t\t\t\t\t\t\t<img decoding=\"async\" src=\"https:\/\/najitkrista.org\/wp-content\/uploads\/2025\/03\/Missionaries3.jpg\" title=\"Missionaries3\" alt=\"Missionaries3\" loading=\"lazy\" \/>\t\t\t\t\t\t\t\t\t\t\t\t\t\t\t<\/div>\n\t\t\t\t<\/div>\n\t\t\t\t<\/div>\n\t\t\t\t<\/div>\n\t\t\t\t<\/div>\n\t\t\t\t<\/div>\n\t\t\t\t\t<\/div>\n\t\t\t\t<\/div>\n\t\t<div class=\"elementor-element elementor-element-6a94997 e-flex e-con-boxed e-con e-parent\" data-id=\"6a94997\" data-element_type=\"container\">\n\t\t\t\t\t<div class=\"e-con-inner\">\n\t\t<div class=\"elementor-element elementor-element-f455e7a e-con-full e-flex e-con e-child\" data-id=\"f455e7a\" data-element_type=\"container\">\n\t\t<div class=\"elementor-element elementor-element-3d4a264 e-con-full e-flex e-con e-child\" data-id=\"3d4a264\" data-element_type=\"container\">\n\t\t\t\t<div class=\"elementor-element elementor-element-b6cca5c elementor-widget elementor-widget-heading\" data-id=\"b6cca5c\" data-element_type=\"widget\" data-widget_type=\"heading.default\">\n\t\t\t\t<div class=\"elementor-widget-container\">\n\t\t\t\t\t<h2 class=\"elementor-heading-title elementor-size-default\">Presk\u00fama\u0165 viac<\/h2>\t\t\t\t<\/div>\n\t\t\t\t<\/div>\n\t\t\t\t<\/div>\n\t\t<div class=\"elementor-element elementor-element-d93524d e-con-full e-flex e-con e-child\" data-id=\"d93524d\" data-element_type=\"container\">\n\t\t<div class=\"elementor-element elementor-element-ff9f36d e-con-full e-flex e-con e-child\" data-id=\"ff9f36d\" data-element_type=\"container\">\n\t\t\t\t<div class=\"elementor-element elementor-element-f4f6e34 elementor-align-center elementor-widget__width-inherit elementor-widget elementor-widget-button\" data-id=\"f4f6e34\" data-element_type=\"widget\" data-widget_type=\"button.default\">\n\t\t\t\t<div class=\"elementor-widget-container\">\n\t\t\t\t\t\t\t\t\t<div class=\"elementor-button-wrapper\">\n\t\t\t\t\t<a class=\"elementor-button elementor-button-link elementor-size-md\" href=\"https:\/\/najitkrista.org\/sk\/our-beliefs\/\">\n\t\t\t\t\t\t<span class=\"elementor-button-content-wrapper\">\n\t\t\t\t\t\t\t\t\t<span class=\"elementor-button-text\">Na\u0161e z\u00e1kladn\u00e9 z\u00e1sady<\/span>\n\t\t\t\t\t<\/span>\n\t\t\t\t\t<\/a>\n\t\t\t\t<\/div>\n\t\t\t\t\t\t\t\t<\/div>\n\t\t\t\t<\/div>\n\t\t\t\t<\/div>\n\t\t<div class=\"elementor-element elementor-element-513fe9d e-con-full e-flex e-con e-child\" data-id=\"513fe9d\" data-element_type=\"container\">\n\t\t\t\t<div class=\"elementor-element elementor-element-01ee219 elementor-align-center elementor-widget__width-inherit elementor-widget elementor-widget-button\" data-id=\"01ee219\" data-element_type=\"widget\" data-widget_type=\"button.default\">\n\t\t\t\t<div class=\"elementor-widget-container\">\n\t\t\t\t\t\t\t\t\t<div class=\"elementor-button-wrapper\">\n\t\t\t\t\t<a class=\"elementor-button elementor-button-link elementor-size-md\" href=\"https:\/\/najitkrista.org\/sk\/about\/\">\n\t\t\t\t\t\t<span class=\"elementor-button-content-wrapper\">\n\t\t\t\t\t\t\t\t\t<span class=\"elementor-button-text\">Kto s\u00fa mision\u00e1ri?<\/span>\n\t\t\t\t\t<\/span>\n\t\t\t\t\t<\/a>\n\t\t\t\t<\/div>\n\t\t\t\t\t\t\t\t<\/div>\n\t\t\t\t<\/div>\n\t\t\t\t<\/div>\n\t\t\t\t<\/div>\n\t\t\t\t<\/div>\n\t\t\t\t\t<\/div>\n\t\t\t\t<\/div>\n\t\t<div class=\"elementor-element elementor-element-2f1d3b0 e-flex e-con-boxed e-con e-parent\" data-id=\"2f1d3b0\" data-element_type=\"container\" data-settings=\"{&quot;background_background&quot;:&quot;classic&quot;}\">\n\t\t\t\t\t<div class=\"e-con-inner\">\n\t\t<div class=\"elementor-element elementor-element-7bdebd7 e-con-full e-flex e-con e-child\" data-id=\"7bdebd7\" data-element_type=\"container\">\n\t\t<div class=\"elementor-element elementor-element-4e98962 e-con-full e-flex e-con e-child\" data-id=\"4e98962\" data-element_type=\"container\">\n\t\t\t\t<div class=\"elementor-element elementor-element-aafbc66 elementor-widget elementor-widget-text-editor\" data-id=\"aafbc66\" data-element_type=\"widget\" data-widget_type=\"text-editor.default\">\n\t\t\t\t<div class=\"elementor-widget-container\">\n\t\t\t\t\t\t\t\t\t<p><span style=\"font-weight: 400;\">Skontrolujte, \u010di ste od n\u00e1s nedostali inform\u00e1cie do e-mailu.<\/span><\/p>\t\t\t\t\t\t\t\t<\/div>\n\t\t\t\t<\/div>\n\t\t\t\t<\/div>\n\t\t\t\t<\/div>\n\t\t\t\t\t<\/div>\n\t\t\t\t<\/div>\n\t\t\t\t<\/div>","protected":false},"excerpt":{"rendered":"<p>P\u0159ij\u010fte do c\u00edrkve Jsme velmi r\u00e1di, \u017ee jste n\u00e1s kontaktovali! D\u011bkujeme, \u017ee jste se zaregistrovali a chcete se dozv\u011bd\u011bt v\u00edce o C\u00edrkvi Je\u017e\u00ed\u0161e Krista Svat\u00fdch posledn\u00edch dn\u016f! Mision\u00e1\u0159i v\u00e1s brzy kontaktuj\u00ed V\u00e1\u0161 z\u00e1jem dozv\u011bd\u011bt se v\u00edce o na\u0161\u00ed v\u00ed\u0159e a nav\u0161t\u011bvovat bohoslu\u017eby je velk\u00fdm krokem a my v\u00e1s chceme ujistit, \u017ee d\u011bl\u00e1te spr\u00e1vn\u00e9 rozhodnut\u00ed. Na\u0161i [&hellip;]<\/p>","protected":false},"author":1,"featured_media":0,"parent":7001,"menu_order":0,"comment_status":"closed","ping_status":"closed","template":"","meta":{"site-sidebar-layout":"no-sidebar","site-content-layout":"page-builder","ast-site-content-layout":"full-width-container","site-content-style":"default","site-sidebar-style":"default","ast-global-header-display":"","ast-banner-title-visibility":"","ast-main-header-display":"","ast-hfb-above-header-display":"","ast-hfb-below-header-display":"","ast-hfb-mobile-header-display":"","site-post-title":"disabled","ast-breadcrumbs-content":"","ast-featured-img":"disabled","footer-sml-layout":"","theme-transparent-header-meta":"","adv-header-id-meta":"","stick-header-meta":"","header-above-stick-meta":"","header-main-stick-meta":"","header-below-stick-meta":"","astra-migrate-meta-layouts":"set","ast-page-background-enabled":"default","ast-page-background-meta":{"desktop":{"background-color":"var(--ast-global-color-4)","background-image":"","background-repeat":"repeat","background-position":"center center","background-size":"auto","background-attachment":"scroll","background-type":"","background-media":"","overlay-type":"","overlay-color":"","overlay-opacity":"","overlay-gradient":""},"tablet":{"background-color":"","background-image":"","background-repeat":"repeat","background-position":"center center","background-size":"auto","background-attachment":"scroll","background-type":"","background-media":"","overlay-type":"","overlay-color":"","overlay-opacity":"","overlay-gradient":""},"mobile":{"background-color":"","background-image":"","background-repeat":"repeat","background-position":"center center","background-size":"auto","background-attachment":"scroll","background-type":"","background-media":"","overlay-type":"","overlay-color":"","overlay-opacity":"","overlay-gradient":""}},"ast-content-background-meta":{"desktop":{"background-color":"var(--ast-global-color-5)","background-image":"","background-repeat":"repeat","background-position":"center center","background-size":"auto","background-attachment":"scroll","background-type":"","background-media":"","overlay-type":"","overlay-color":"","overlay-opacity":"","overlay-gradient":""},"tablet":{"background-color":"var(--ast-global-color-5)","background-image":"","background-repeat":"repeat","background-position":"center center","background-size":"auto","background-attachment":"scroll","background-type":"","background-media":"","overlay-type":"","overlay-color":"","overlay-opacity":"","overlay-gradient":""},"mobile":{"background-color":"var(--ast-global-color-5)","background-image":"","background-repeat":"repeat","background-position":"center center","background-size":"auto","background-attachment":"scroll","background-type":"","background-media":"","overlay-type":"","overlay-color":"","overlay-opacity":"","overlay-gradient":""}},"footnotes":""},"class_list":["post-7553","page","type-page","status-publish","hentry"],"yoast_head":"<!-- This site is optimized with the Yoast SEO plugin v24.7 - https:\/\/yoast.com\/wordpress\/plugins\/seo\/ -->\n<title>Church Expectations | Thank You - Naj\u00edt Krista<\/title>\n<meta name=\"robots\" content=\"index, follow, max-snippet:-1, max-image-preview:large, max-video-preview:-1\" \/>\n<link rel=\"canonical\" href=\"https:\/\/najitkrista.org\/sk\/service\/nedelni-bohosluzba\/co-muzete-v-cirkvi-ocekavat\/church-expectations-thank-you\/\" \/>\n<meta property=\"og:locale\" content=\"sk_SK\" \/>\n<meta property=\"og:type\" content=\"article\" \/>\n<meta property=\"og:title\" content=\"Church Expectations | Thank You - Naj\u00edt Krista\" \/>\n<meta property=\"og:description\" content=\"P\u0159ij\u010fte do c\u00edrkve Jsme velmi r\u00e1di, \u017ee jste n\u00e1s kontaktovali! D\u011bkujeme, \u017ee jste se zaregistrovali a chcete se dozv\u011bd\u011bt v\u00edce o C\u00edrkvi Je\u017e\u00ed\u0161e Krista Svat\u00fdch posledn\u00edch dn\u016f! Mision\u00e1\u0159i v\u00e1s brzy kontaktuj\u00ed V\u00e1\u0161 z\u00e1jem dozv\u011bd\u011bt se v\u00edce o na\u0161\u00ed v\u00ed\u0159e a nav\u0161t\u011bvovat bohoslu\u017eby je velk\u00fdm krokem a my v\u00e1s chceme ujistit, \u017ee d\u011bl\u00e1te spr\u00e1vn\u00e9 rozhodnut\u00ed. Na\u0161i [&hellip;]\" \/>\n<meta property=\"og:url\" content=\"https:\/\/najitkrista.org\/sk\/service\/nedelni-bohosluzba\/co-muzete-v-cirkvi-ocekavat\/church-expectations-thank-you\/\" \/>\n<meta property=\"og:site_name\" content=\"Naj\u00edt Krista\" \/>\n<meta property=\"article:modified_time\" content=\"2025-03-25T21:20:41+00:00\" \/>\n<meta property=\"og:image\" content=\"https:\/\/najitkrista.org\/wp-content\/uploads\/elementor\/thumbs\/Missionaries2-r3ebkx7hd7gq8b55mfsv3yxallupg5t4mvuqa0g3y8.jpg\" \/>\n<meta name=\"twitter:card\" content=\"summary_large_image\" \/>\n<meta name=\"twitter:label1\" content=\"Predpokladan\u00fd \u010das \u010d\u00edtania\" \/>\n\t<meta name=\"twitter:data1\" content=\"2 min\u00faty\" \/>\n<script type=\"application\/ld+json\" class=\"yoast-schema-graph\">{\"@context\":\"https:\/\/schema.org\",\"@graph\":[{\"@type\":\"WebPage\",\"@id\":\"https:\/\/najitkrista.org\/cs\/service\/nedelni-bohosluzba\/co-muzete-v-cirkvi-ocekavat\/church-expectations-thank-you\/\",\"url\":\"https:\/\/najitkrista.org\/cs\/service\/nedelni-bohosluzba\/co-muzete-v-cirkvi-ocekavat\/church-expectations-thank-you\/\",\"name\":\"Church Expectations | Thank You - Naj\u00edt Krista\",\"isPartOf\":{\"@id\":\"https:\/\/najitkrista.org\/en\/#website\"},\"primaryImageOfPage\":{\"@id\":\"https:\/\/najitkrista.org\/cs\/service\/nedelni-bohosluzba\/co-muzete-v-cirkvi-ocekavat\/church-expectations-thank-you\/#primaryimage\"},\"image\":{\"@id\":\"https:\/\/najitkrista.org\/cs\/service\/nedelni-bohosluzba\/co-muzete-v-cirkvi-ocekavat\/church-expectations-thank-you\/#primaryimage\"},\"thumbnailUrl\":\"https:\/\/najitkrista.org\/wp-content\/uploads\/elementor\/thumbs\/Missionaries2-r3ebkx7hd7gq8b55mfsv3yxallupg5t4mvuqa0g3y8.jpg\",\"datePublished\":\"2025-03-25T20:31:56+00:00\",\"dateModified\":\"2025-03-25T21:20:41+00:00\",\"breadcrumb\":{\"@id\":\"https:\/\/najitkrista.org\/cs\/service\/nedelni-bohosluzba\/co-muzete-v-cirkvi-ocekavat\/church-expectations-thank-you\/#breadcrumb\"},\"inLanguage\":\"sk-SK\",\"potentialAction\":[{\"@type\":\"ReadAction\",\"target\":[\"https:\/\/najitkrista.org\/cs\/service\/nedelni-bohosluzba\/co-muzete-v-cirkvi-ocekavat\/church-expectations-thank-you\/\"]}]},{\"@type\":\"ImageObject\",\"inLanguage\":\"sk-SK\",\"@id\":\"https:\/\/najitkrista.org\/cs\/service\/nedelni-bohosluzba\/co-muzete-v-cirkvi-ocekavat\/church-expectations-thank-you\/#primaryimage\",\"url\":\"https:\/\/najitkrista.org\/wp-content\/uploads\/elementor\/thumbs\/Missionaries2-r3ebkx7hd7gq8b55mfsv3yxallupg5t4mvuqa0g3y8.jpg\",\"contentUrl\":\"https:\/\/najitkrista.org\/wp-content\/uploads\/elementor\/thumbs\/Missionaries2-r3ebkx7hd7gq8b55mfsv3yxallupg5t4mvuqa0g3y8.jpg\"},{\"@type\":\"BreadcrumbList\",\"@id\":\"https:\/\/najitkrista.org\/cs\/service\/nedelni-bohosluzba\/co-muzete-v-cirkvi-ocekavat\/church-expectations-thank-you\/#breadcrumb\",\"itemListElement\":[{\"@type\":\"ListItem\",\"position\":1,\"name\":\"Home\",\"item\":\"https:\/\/najitkrista.org\/cs\/\"},{\"@type\":\"ListItem\",\"position\":2,\"name\":\"Services\",\"item\":\"https:\/\/najitkrista.org\/service\/\"},{\"@type\":\"ListItem\",\"position\":3,\"name\":\"Ned\u011bln\u00ed bohoslu\u017eba\u200b\",\"item\":\"https:\/\/najitkrista.org\/service\/nedelni-bohosluzba\/\"},{\"@type\":\"ListItem\",\"position\":4,\"name\":\"What to expect at Church\",\"item\":\"https:\/\/najitkrista.org\/cs\/service\/nedelni-bohosluzba\/co-muzete-v-cirkvi-ocekavat\/\"},{\"@type\":\"ListItem\",\"position\":5,\"name\":\"Church Expectations | Thank You\"}]},{\"@type\":\"WebSite\",\"@id\":\"https:\/\/najitkrista.org\/en\/#website\",\"url\":\"https:\/\/najitkrista.org\/en\/\",\"name\":\"Naj\u00edt Krista\",\"description\":\"Naj\u00edt Krista\",\"potentialAction\":[{\"@type\":\"SearchAction\",\"target\":{\"@type\":\"EntryPoint\",\"urlTemplate\":\"https:\/\/najitkrista.org\/en\/?s={search_term_string}\"},\"query-input\":{\"@type\":\"PropertyValueSpecification\",\"valueRequired\":true,\"valueName\":\"search_term_string\"}}],\"inLanguage\":\"sk-SK\"}]}<\/script>\n<!-- \/ Yoast SEO plugin. -->","yoast_head_json":{"title":"Church Expectations | Thank You - Naj\u00edt Krista","robots":{"index":"index","follow":"follow","max-snippet":"max-snippet:-1","max-image-preview":"max-image-preview:large","max-video-preview":"max-video-preview:-1"},"canonical":"https:\/\/najitkrista.org\/sk\/service\/nedelni-bohosluzba\/co-muzete-v-cirkvi-ocekavat\/church-expectations-thank-you\/","og_locale":"sk_SK","og_type":"article","og_title":"Church Expectations | Thank You - Naj\u00edt Krista","og_description":"P\u0159ij\u010fte do c\u00edrkve Jsme velmi r\u00e1di, \u017ee jste n\u00e1s kontaktovali! D\u011bkujeme, \u017ee jste se zaregistrovali a chcete se dozv\u011bd\u011bt v\u00edce o C\u00edrkvi Je\u017e\u00ed\u0161e Krista Svat\u00fdch posledn\u00edch dn\u016f! Mision\u00e1\u0159i v\u00e1s brzy kontaktuj\u00ed V\u00e1\u0161 z\u00e1jem dozv\u011bd\u011bt se v\u00edce o na\u0161\u00ed v\u00ed\u0159e a nav\u0161t\u011bvovat bohoslu\u017eby je velk\u00fdm krokem a my v\u00e1s chceme ujistit, \u017ee d\u011bl\u00e1te spr\u00e1vn\u00e9 rozhodnut\u00ed. Na\u0161i [&hellip;]","og_url":"https:\/\/najitkrista.org\/sk\/service\/nedelni-bohosluzba\/co-muzete-v-cirkvi-ocekavat\/church-expectations-thank-you\/","og_site_name":"Naj\u00edt Krista","article_modified_time":"2025-03-25T21:20:41+00:00","og_image":[{"url":"https:\/\/najitkrista.org\/wp-content\/uploads\/elementor\/thumbs\/Missionaries2-r3ebkx7hd7gq8b55mfsv3yxallupg5t4mvuqa0g3y8.jpg","type":"","width":"","height":""}],"twitter_card":"summary_large_image","twitter_misc":{"Predpokladan\u00fd \u010das \u010d\u00edtania":"2 min\u00faty"},"schema":{"@context":"https:\/\/schema.org","@graph":[{"@type":"WebPage","@id":"https:\/\/najitkrista.org\/cs\/service\/nedelni-bohosluzba\/co-muzete-v-cirkvi-ocekavat\/church-expectations-thank-you\/","url":"https:\/\/najitkrista.org\/cs\/service\/nedelni-bohosluzba\/co-muzete-v-cirkvi-ocekavat\/church-expectations-thank-you\/","name":"Church Expectations | Thank You - Naj\u00edt Krista","isPartOf":{"@id":"https:\/\/najitkrista.org\/en\/#website"},"primaryImageOfPage":{"@id":"https:\/\/najitkrista.org\/cs\/service\/nedelni-bohosluzba\/co-muzete-v-cirkvi-ocekavat\/church-expectations-thank-you\/#primaryimage"},"image":{"@id":"https:\/\/najitkrista.org\/cs\/service\/nedelni-bohosluzba\/co-muzete-v-cirkvi-ocekavat\/church-expectations-thank-you\/#primaryimage"},"thumbnailUrl":"https:\/\/najitkrista.org\/wp-content\/uploads\/elementor\/thumbs\/Missionaries2-r3ebkx7hd7gq8b55mfsv3yxallupg5t4mvuqa0g3y8.jpg","datePublished":"2025-03-25T20:31:56+00:00","dateModified":"2025-03-25T21:20:41+00:00","breadcrumb":{"@id":"https:\/\/najitkrista.org\/cs\/service\/nedelni-bohosluzba\/co-muzete-v-cirkvi-ocekavat\/church-expectations-thank-you\/#breadcrumb"},"inLanguage":"sk-SK","potentialAction":[{"@type":"ReadAction","target":["https:\/\/najitkrista.org\/cs\/service\/nedelni-bohosluzba\/co-muzete-v-cirkvi-ocekavat\/church-expectations-thank-you\/"]}]},{"@type":"ImageObject","inLanguage":"sk-SK","@id":"https:\/\/najitkrista.org\/cs\/service\/nedelni-bohosluzba\/co-muzete-v-cirkvi-ocekavat\/church-expectations-thank-you\/#primaryimage","url":"https:\/\/najitkrista.org\/wp-content\/uploads\/elementor\/thumbs\/Missionaries2-r3ebkx7hd7gq8b55mfsv3yxallupg5t4mvuqa0g3y8.jpg","contentUrl":"https:\/\/najitkrista.org\/wp-content\/uploads\/elementor\/thumbs\/Missionaries2-r3ebkx7hd7gq8b55mfsv3yxallupg5t4mvuqa0g3y8.jpg"},{"@type":"BreadcrumbList","@id":"https:\/\/najitkrista.org\/cs\/service\/nedelni-bohosluzba\/co-muzete-v-cirkvi-ocekavat\/church-expectations-thank-you\/#breadcrumb","itemListElement":[{"@type":"ListItem","position":1,"name":"Home","item":"https:\/\/najitkrista.org\/cs\/"},{"@type":"ListItem","position":2,"name":"Services","item":"https:\/\/najitkrista.org\/service\/"},{"@type":"ListItem","position":3,"name":"Ned\u011bln\u00ed bohoslu\u017eba\u200b","item":"https:\/\/najitkrista.org\/service\/nedelni-bohosluzba\/"},{"@type":"ListItem","position":4,"name":"What to expect at Church","item":"https:\/\/najitkrista.org\/cs\/service\/nedelni-bohosluzba\/co-muzete-v-cirkvi-ocekavat\/"},{"@type":"ListItem","position":5,"name":"Church Expectations | Thank You"}]},{"@type":"WebSite","@id":"https:\/\/najitkrista.org\/en\/#website","url":"https:\/\/najitkrista.org\/en\/","name":"Naj\u00edt Krista","description":"Naj\u00edt Krista","potentialAction":[{"@type":"SearchAction","target":{"@type":"EntryPoint","urlTemplate":"https:\/\/najitkrista.org\/en\/?s={search_term_string}"},"query-input":{"@type":"PropertyValueSpecification","valueRequired":true,"valueName":"search_term_string"}}],"inLanguage":"sk-SK"}]}},"_links":{"self":[{"href":"https:\/\/najitkrista.org\/sk\/wp-json\/wp\/v2\/pages\/7553","targetHints":{"allow":["GET"]}}],"collection":[{"href":"https:\/\/najitkrista.org\/sk\/wp-json\/wp\/v2\/pages"}],"about":[{"href":"https:\/\/najitkrista.org\/sk\/wp-json\/wp\/v2\/types\/page"}],"author":[{"embeddable":true,"href":"https:\/\/najitkrista.org\/sk\/wp-json\/wp\/v2\/users\/1"}],"replies":[{"embeddable":true,"href":"https:\/\/najitkrista.org\/sk\/wp-json\/wp\/v2\/comments?post=7553"}],"version-history":[{"count":19,"href":"https:\/\/najitkrista.org\/sk\/wp-json\/wp\/v2\/pages\/7553\/revisions"}],"predecessor-version":[{"id":7590,"href":"https:\/\/najitkrista.org\/sk\/wp-json\/wp\/v2\/pages\/7553\/revisions\/7590"}],"up":[{"embeddable":true,"href":"https:\/\/najitkrista.org\/sk\/wp-json\/wp\/v2\/pages\/7001"}],"wp:attachment":[{"href":"https:\/\/najitkrista.org\/sk\/wp-json\/wp\/v2\/media?parent=7553"}],"curies":[{"name":"wp","href":"https:\/\/api.w.org\/{rel}","templated":true}]}}