{"id":689,"date":"2023-01-14T17:47:55","date_gmt":"2023-01-14T17:47:55","guid":{"rendered":"http:\/\/najitkrista.org\/?page_id=689"},"modified":"2023-03-16T08:33:28","modified_gmt":"2023-03-16T08:33:28","slug":"gdpr","status":"publish","type":"page","link":"https:\/\/najitkrista.org\/sk\/privacy-policy\/gdpr\/","title":{"rendered":"General Data Protection Regulation"},"content":{"rendered":"<div data-elementor-type=\"wp-page\" data-elementor-id=\"689\" class=\"elementor elementor-689\" data-elementor-post-type=\"page\">\n\t\t\t\t\t\t<section class=\"elementor-section elementor-top-section elementor-element elementor-element-4ca6e071 elementor-section-boxed elementor-section-height-default elementor-section-height-default\" data-id=\"4ca6e071\" data-element_type=\"section\">\n\t\t\t\t\t\t<div class=\"elementor-container elementor-column-gap-default\">\n\t\t\t\t\t<div class=\"elementor-column elementor-col-100 elementor-top-column elementor-element elementor-element-456f9173\" data-id=\"456f9173\" data-element_type=\"column\">\n\t\t\t<div class=\"elementor-widget-wrap elementor-element-populated\">\n\t\t\t\t\t\t<section class=\"elementor-section elementor-inner-section elementor-element elementor-element-2cebb91 elementor-section-boxed elementor-section-height-default elementor-section-height-default\" data-id=\"2cebb91\" data-element_type=\"section\">\n\t\t\t\t\t\t<div class=\"elementor-container elementor-column-gap-default\">\n\t\t\t\t\t<div class=\"elementor-column elementor-col-33 elementor-inner-column elementor-element elementor-element-9292f5a\" data-id=\"9292f5a\" data-element_type=\"column\">\n\t\t\t<div class=\"elementor-widget-wrap elementor-element-populated\">\n\t\t\t\t\t\t<div class=\"elementor-element elementor-element-1dc1872 elementor-widget elementor-widget-heading\" data-id=\"1dc1872\" data-element_type=\"widget\" data-widget_type=\"heading.default\">\n\t\t\t\t<div class=\"elementor-widget-container\">\n\t\t\t\t\t<h5 class=\"elementor-heading-title elementor-size-default\"><a href=\"http:\/\/najitkrista.org\/wp-content\/uploads\/2023\/01\/Czech-Supplemental-Privacy-Notice-European-Economic-Area.pdf\">Czech GDPR<\/a><\/h5>\t\t\t\t<\/div>\n\t\t\t\t<\/div>\n\t\t\t\t\t<\/div>\n\t\t<\/div>\n\t\t\t\t<div class=\"elementor-column elementor-col-33 elementor-inner-column elementor-element elementor-element-cb5e45d\" data-id=\"cb5e45d\" data-element_type=\"column\">\n\t\t\t<div class=\"elementor-widget-wrap elementor-element-populated\">\n\t\t\t\t\t\t<div class=\"elementor-element elementor-element-33f5260 elementor-widget elementor-widget-heading\" data-id=\"33f5260\" data-element_type=\"widget\" data-widget_type=\"heading.default\">\n\t\t\t\t<div class=\"elementor-widget-container\">\n\t\t\t\t\t<h5 class=\"elementor-heading-title elementor-size-default\"><a href=\"https:\/\/www.churchofjesuschrist.org\/legal\/privacy-notice-missionary-eea?lang=slk&#038;_r=1&#038;country=go&#038;fbclid=IwAR3jUV85RRKfj6cxfsjhAMTEATqQWcuB_GCvCv5UubczQG5TpowwZ3BJTBs\">Slovak GDPR<\/a><\/h5>\t\t\t\t<\/div>\n\t\t\t\t<\/div>\n\t\t\t\t\t<\/div>\n\t\t<\/div>\n\t\t\t\t<div class=\"elementor-column elementor-col-33 elementor-inner-column elementor-element elementor-element-a7c6e31\" data-id=\"a7c6e31\" data-element_type=\"column\">\n\t\t\t<div class=\"elementor-widget-wrap elementor-element-populated\">\n\t\t\t\t\t\t<div class=\"elementor-element elementor-element-6fa783a elementor-widget elementor-widget-heading\" data-id=\"6fa783a\" data-element_type=\"widget\" data-widget_type=\"heading.default\">\n\t\t\t\t<div class=\"elementor-widget-container\">\n\t\t\t\t\t<h5 class=\"elementor-heading-title elementor-size-default\"><a href=\"https:\/\/www.churchofjesuschrist.org\/legal\/privacy-notice-missionary-eea?lang=rus&#038;_r=1&#038;country=go&#038;fbclid=IwAR30LUcyIgXCZN8oAeRphYcSRWkf2YZhxpeeOamnxraJUmdwLm1SoN_QRAk\">Ukraine GDPR<\/a><\/h5>\t\t\t\t<\/div>\n\t\t\t\t<\/div>\n\t\t\t\t\t<\/div>\n\t\t<\/div>\n\t\t\t\t\t<\/div>\n\t\t<\/section>\n\t\t\t\t<div class=\"elementor-element elementor-element-1f6041f4 elementor-widget elementor-widget-spacer\" data-id=\"1f6041f4\" data-element_type=\"widget\" data-widget_type=\"spacer.default\">\n\t\t\t\t<div class=\"elementor-widget-container\">\n\t\t\t\t\t\t\t<div class=\"elementor-spacer\">\n\t\t\t<div class=\"elementor-spacer-inner\"><\/div>\n\t\t<\/div>\n\t\t\t\t\t\t<\/div>\n\t\t\t\t<\/div>\n\t\t\t\t\t<\/div>\n\t\t<\/div>\n\t\t\t\t\t<\/div>\n\t\t<\/section>\n\t\t\t\t<\/div>","protected":false},"excerpt":{"rendered":"<p>Czech GDPR Slovak GDPR Ukraine GDPR<\/p>","protected":false},"author":1,"featured_media":0,"parent":3,"menu_order":0,"comment_status":"closed","ping_status":"closed","template":"","meta":{"site-sidebar-layout":"no-sidebar","site-content-layout":"page-builder","ast-site-content-layout":"","site-content-style":"default","site-sidebar-style":"default","ast-global-header-display":"","ast-banner-title-visibility":"","ast-main-header-display":"","ast-hfb-above-header-display":"","ast-hfb-below-header-display":"","ast-hfb-mobile-header-display":"","site-post-title":"","ast-breadcrumbs-content":"","ast-featured-img":"disabled","footer-sml-layout":"","theme-transparent-header-meta":"","adv-header-id-meta":"","stick-header-meta":"","header-above-stick-meta":"","header-main-stick-meta":"","header-below-stick-meta":"","astra-migrate-meta-layouts":"default","ast-page-background-enabled":"default","ast-page-background-meta":{"desktop":{"background-color":"var(--ast-global-color-4)","background-image":"","background-repeat":"repeat","background-position":"center center","background-size":"auto","background-attachment":"scroll","background-type":"","background-media":"","overlay-type":"","overlay-color":"","overlay-opacity":"","overlay-gradient":""},"tablet":{"background-color":"","background-image":"","background-repeat":"repeat","background-position":"center center","background-size":"auto","background-attachment":"scroll","background-type":"","background-media":"","overlay-type":"","overlay-color":"","overlay-opacity":"","overlay-gradient":""},"mobile":{"background-color":"","background-image":"","background-repeat":"repeat","background-position":"center center","background-size":"auto","background-attachment":"scroll","background-type":"","background-media":"","overlay-type":"","overlay-color":"","overlay-opacity":"","overlay-gradient":""}},"ast-content-background-meta":{"desktop":{"background-color":"var(--ast-global-color-5)","background-image":"","background-repeat":"repeat","background-position":"center center","background-size":"auto","background-attachment":"scroll","background-type":"","background-media":"","overlay-type":"","overlay-color":"","overlay-opacity":"","overlay-gradient":""},"tablet":{"background-color":"var(--ast-global-color-5)","background-image":"","background-repeat":"repeat","background-position":"center center","background-size":"auto","background-attachment":"scroll","background-type":"","background-media":"","overlay-type":"","overlay-color":"","overlay-opacity":"","overlay-gradient":""},"mobile":{"background-color":"var(--ast-global-color-5)","background-image":"","background-repeat":"repeat","background-position":"center center","background-size":"auto","background-attachment":"scroll","background-type":"","background-media":"","overlay-type":"","overlay-color":"","overlay-opacity":"","overlay-gradient":""}},"footnotes":""},"class_list":["post-689","page","type-page","status-publish","hentry"],"yoast_head":"<!-- This site is optimized with the Yoast SEO plugin v24.7 - https:\/\/yoast.com\/wordpress\/plugins\/seo\/ -->\n<title>General Data Protection Regulation - Naj\u00edt Krista<\/title>\n<meta name=\"robots\" content=\"noindex, nofollow\" \/>\n<meta property=\"og:locale\" content=\"sk_SK\" \/>\n<meta property=\"og:type\" content=\"article\" \/>\n<meta property=\"og:title\" content=\"General Data Protection Regulation - Naj\u00edt Krista\" \/>\n<meta property=\"og:description\" content=\"Czech GDPR Slovak GDPR Ukraine GDPR\" \/>\n<meta property=\"og:url\" content=\"https:\/\/najitkrista.org\/sk\/privacy-policy\/gdpr\/\" \/>\n<meta property=\"og:site_name\" content=\"Naj\u00edt Krista\" \/>\n<meta property=\"article:modified_time\" content=\"2023-03-16T08:33:28+00:00\" \/>\n<meta name=\"twitter:card\" content=\"summary_large_image\" \/>\n<meta name=\"twitter:label1\" content=\"Predpokladan\u00fd \u010das \u010d\u00edtania\" \/>\n\t<meta name=\"twitter:data1\" content=\"1 min\u00fata\" \/>\n<script type=\"application\/ld+json\" class=\"yoast-schema-graph\">{\"@context\":\"https:\/\/schema.org\",\"@graph\":[{\"@type\":\"WebPage\",\"@id\":\"https:\/\/najitkrista.org\/privacy-policy\/gdpr\/\",\"url\":\"https:\/\/najitkrista.org\/privacy-policy\/gdpr\/\",\"name\":\"General Data Protection Regulation - Naj\u00edt Krista\",\"isPartOf\":{\"@id\":\"https:\/\/najitkrista.org\/en\/#website\"},\"datePublished\":\"2023-01-14T17:47:55+00:00\",\"dateModified\":\"2023-03-16T08:33:28+00:00\",\"breadcrumb\":{\"@id\":\"https:\/\/najitkrista.org\/privacy-policy\/gdpr\/#breadcrumb\"},\"inLanguage\":\"sk-SK\",\"potentialAction\":[{\"@type\":\"ReadAction\",\"target\":[\"https:\/\/najitkrista.org\/privacy-policy\/gdpr\/\"]}]},{\"@type\":\"BreadcrumbList\",\"@id\":\"https:\/\/najitkrista.org\/privacy-policy\/gdpr\/#breadcrumb\",\"itemListElement\":[{\"@type\":\"ListItem\",\"position\":1,\"name\":\"Home\",\"item\":\"https:\/\/najitkrista.org\/cs\/\"},{\"@type\":\"ListItem\",\"position\":2,\"name\":\"Privacy Policy\",\"item\":\"https:\/\/najitkrista.org\/en\/privacy-policy\/\"},{\"@type\":\"ListItem\",\"position\":3,\"name\":\"General Data Protection Regulation\"}]},{\"@type\":\"WebSite\",\"@id\":\"https:\/\/najitkrista.org\/en\/#website\",\"url\":\"https:\/\/najitkrista.org\/en\/\",\"name\":\"Naj\u00edt Krista\",\"description\":\"Naj\u00edt Krista\",\"potentialAction\":[{\"@type\":\"SearchAction\",\"target\":{\"@type\":\"EntryPoint\",\"urlTemplate\":\"https:\/\/najitkrista.org\/en\/?s={search_term_string}\"},\"query-input\":{\"@type\":\"PropertyValueSpecification\",\"valueRequired\":true,\"valueName\":\"search_term_string\"}}],\"inLanguage\":\"sk-SK\"}]}<\/script>\n<!-- \/ Yoast SEO plugin. -->","yoast_head_json":{"title":"General Data Protection Regulation - Naj\u00edt Krista","robots":{"index":"noindex","follow":"nofollow"},"og_locale":"sk_SK","og_type":"article","og_title":"General Data Protection Regulation - Naj\u00edt Krista","og_description":"Czech GDPR Slovak GDPR Ukraine GDPR","og_url":"https:\/\/najitkrista.org\/sk\/privacy-policy\/gdpr\/","og_site_name":"Naj\u00edt Krista","article_modified_time":"2023-03-16T08:33:28+00:00","twitter_card":"summary_large_image","twitter_misc":{"Predpokladan\u00fd \u010das \u010d\u00edtania":"1 min\u00fata"},"schema":{"@context":"https:\/\/schema.org","@graph":[{"@type":"WebPage","@id":"https:\/\/najitkrista.org\/privacy-policy\/gdpr\/","url":"https:\/\/najitkrista.org\/privacy-policy\/gdpr\/","name":"General Data Protection Regulation - Naj\u00edt Krista","isPartOf":{"@id":"https:\/\/najitkrista.org\/en\/#website"},"datePublished":"2023-01-14T17:47:55+00:00","dateModified":"2023-03-16T08:33:28+00:00","breadcrumb":{"@id":"https:\/\/najitkrista.org\/privacy-policy\/gdpr\/#breadcrumb"},"inLanguage":"sk-SK","potentialAction":[{"@type":"ReadAction","target":["https:\/\/najitkrista.org\/privacy-policy\/gdpr\/"]}]},{"@type":"BreadcrumbList","@id":"https:\/\/najitkrista.org\/privacy-policy\/gdpr\/#breadcrumb","itemListElement":[{"@type":"ListItem","position":1,"name":"Home","item":"https:\/\/najitkrista.org\/cs\/"},{"@type":"ListItem","position":2,"name":"Privacy Policy","item":"https:\/\/najitkrista.org\/en\/privacy-policy\/"},{"@type":"ListItem","position":3,"name":"General Data Protection Regulation"}]},{"@type":"WebSite","@id":"https:\/\/najitkrista.org\/en\/#website","url":"https:\/\/najitkrista.org\/en\/","name":"Naj\u00edt Krista","description":"Naj\u00edt Krista","potentialAction":[{"@type":"SearchAction","target":{"@type":"EntryPoint","urlTemplate":"https:\/\/najitkrista.org\/en\/?s={search_term_string}"},"query-input":{"@type":"PropertyValueSpecification","valueRequired":true,"valueName":"search_term_string"}}],"inLanguage":"sk-SK"}]}},"_links":{"self":[{"href":"https:\/\/najitkrista.org\/sk\/wp-json\/wp\/v2\/pages\/689","targetHints":{"allow":["GET"]}}],"collection":[{"href":"https:\/\/najitkrista.org\/sk\/wp-json\/wp\/v2\/pages"}],"about":[{"href":"https:\/\/najitkrista.org\/sk\/wp-json\/wp\/v2\/types\/page"}],"author":[{"embeddable":true,"href":"https:\/\/najitkrista.org\/sk\/wp-json\/wp\/v2\/users\/1"}],"replies":[{"embeddable":true,"href":"https:\/\/najitkrista.org\/sk\/wp-json\/wp\/v2\/comments?post=689"}],"version-history":[{"count":12,"href":"https:\/\/najitkrista.org\/sk\/wp-json\/wp\/v2\/pages\/689\/revisions"}],"predecessor-version":[{"id":704,"href":"https:\/\/najitkrista.org\/sk\/wp-json\/wp\/v2\/pages\/689\/revisions\/704"}],"up":[{"embeddable":true,"href":"https:\/\/najitkrista.org\/sk\/wp-json\/wp\/v2\/pages\/3"}],"wp:attachment":[{"href":"https:\/\/najitkrista.org\/sk\/wp-json\/wp\/v2\/media?parent=689"}],"curies":[{"name":"wp","href":"https:\/\/api.w.org\/{rel}","templated":true}]}}