{"id":5997,"date":"2024-08-13T16:43:18","date_gmt":"2024-08-13T16:43:18","guid":{"rendered":"https:\/\/najitkrista.org\/?page_id=5997"},"modified":"2025-03-19T17:15:21","modified_gmt":"2025-03-19T17:15:21","slug":"nedelni-bohosluzba","status":"publish","type":"page","link":"https:\/\/najitkrista.org\/sk\/service\/nedelni-bohosluzba\/","title":{"rendered":"Nede\u013en\u00e9 bohoslu\u017eby"},"content":{"rendered":"<div data-elementor-type=\"wp-page\" data-elementor-id=\"5997\" class=\"elementor elementor-5997\" data-elementor-post-type=\"page\">\n\t\t\t\t<div class=\"elementor-element elementor-element-b48c187 e-con-full e-flex e-con e-parent\" data-id=\"b48c187\" data-element_type=\"container\" data-settings=\"{&quot;background_background&quot;:&quot;classic&quot;}\">\n\t\t<div class=\"elementor-element elementor-element-9d874dd e-con-full e-flex e-con e-child\" data-id=\"9d874dd\" data-element_type=\"container\">\n\t\t<div class=\"elementor-element elementor-element-a96e250 e-con-full e-flex e-con e-child\" data-id=\"a96e250\" data-element_type=\"container\">\n\t\t<div class=\"elementor-element elementor-element-f8b6679 e-con-full e-flex e-con e-child\" data-id=\"f8b6679\" data-element_type=\"container\" data-settings=\"{&quot;background_background&quot;:&quot;classic&quot;}\">\n\t\t\t\t<div class=\"elementor-element elementor-element-85725d6 elementor-widget elementor-widget-heading\" data-id=\"85725d6\" data-element_type=\"widget\" data-widget_type=\"heading.default\">\n\t\t\t\t<div class=\"elementor-widget-container\">\n\t\t\t\t\t<h4 class=\"elementor-heading-title elementor-size-default\">Pr\u00ed\u010fte sa pozrie\u0165<\/h4>\t\t\t\t<\/div>\n\t\t\t\t<\/div>\n\t\t\t\t<div class=\"elementor-element elementor-element-cbee853 elementor-widget elementor-widget-heading\" data-id=\"cbee853\" data-element_type=\"widget\" data-widget_type=\"heading.default\">\n\t\t\t\t<div class=\"elementor-widget-container\">\n\t\t\t\t\t<h1 class=\"elementor-heading-title elementor-size-default\">Nede\u013en\u00e9 bohoslu\u017eby<\/h1>\t\t\t\t<\/div>\n\t\t\t\t<\/div>\n\t\t\t\t<div class=\"elementor-element elementor-element-70a7307 elementor-widget elementor-widget-heading\" data-id=\"70a7307\" data-element_type=\"widget\" data-widget_type=\"heading.default\">\n\t\t\t\t<div class=\"elementor-widget-container\">\n\t\t\t\t\t<h3 class=\"elementor-heading-title elementor-size-default\">Za\u017eite pokoj a l\u00e1sku, ktor\u00e9 v\u00e1m chce da\u0165 Boh.<\/h3>\t\t\t\t<\/div>\n\t\t\t\t<\/div>\n\t\t\t\t<div class=\"elementor-element elementor-element-68306d5 elementor-widget elementor-widget-heading\" data-id=\"68306d5\" data-element_type=\"widget\" data-widget_type=\"heading.default\">\n\t\t\t\t<div class=\"elementor-widget-container\">\n\t\t\t\t\t<h5 class=\"elementor-heading-title elementor-size-default\">Pridajte sa k n\u00e1m na nede\u013en\u00fdch bohoslu\u017eb\u00e1ch osobne alebo online.<\/h5>\t\t\t\t<\/div>\n\t\t\t\t<\/div>\n\t\t\t\t<div class=\"elementor-element elementor-element-c1b5337 elementor-widget elementor-widget-spacer\" data-id=\"c1b5337\" data-element_type=\"widget\" data-widget_type=\"spacer.default\">\n\t\t\t\t<div class=\"elementor-widget-container\">\n\t\t\t\t\t\t\t<div class=\"elementor-spacer\">\n\t\t\t<div class=\"elementor-spacer-inner\"><\/div>\n\t\t<\/div>\n\t\t\t\t\t\t<\/div>\n\t\t\t\t<\/div>\n\t\t\t\t<div class=\"elementor-element elementor-element-729354b elementor-align-left elementor-widget elementor-widget-global elementor-global-753 elementor-widget-button\" data-id=\"729354b\" data-element_type=\"widget\" data-widget_type=\"button.default\">\n\t\t\t\t<div class=\"elementor-widget-container\">\n\t\t\t\t\t\t\t\t\t<div class=\"elementor-button-wrapper\">\n\t\t\t\t\t<a class=\"elementor-button elementor-button-link elementor-size-md\" href=\"https:\/\/najitkrista.org\/sk\/contact\/\">\n\t\t\t\t\t\t<span class=\"elementor-button-content-wrapper\">\n\t\t\t\t\t\t\t\t\t<span class=\"elementor-button-text\">kontakt<\/span>\n\t\t\t\t\t<\/span>\n\t\t\t\t\t<\/a>\n\t\t\t\t<\/div>\n\t\t\t\t\t\t\t\t<\/div>\n\t\t\t\t<\/div>\n\t\t\t\t<\/div>\n\t\t<div class=\"elementor-element elementor-element-c35e52d e-con-full e-flex e-con e-child\" data-id=\"c35e52d\" data-element_type=\"container\">\n\t\t\t\t<\/div>\n\t\t\t\t<\/div>\n\t\t\t\t<\/div>\n\t\t\t\t<\/div>\n\t\t<div class=\"elementor-element elementor-element-28b3085 e-con-full e-flex e-con e-parent\" data-id=\"28b3085\" data-element_type=\"container\" data-settings=\"{&quot;background_background&quot;:&quot;classic&quot;}\">\n\t\t<div class=\"elementor-element elementor-element-4a73915 e-con-full e-flex e-con e-child\" data-id=\"4a73915\" data-element_type=\"container\">\n\t\t\t\t<div class=\"elementor-element elementor-element-aa9aaba elementor-widget elementor-widget-heading\" data-id=\"aa9aaba\" data-element_type=\"widget\" data-widget_type=\"heading.default\">\n\t\t\t\t<div class=\"elementor-widget-container\">\n\t\t\t\t\t<h4 class=\"elementor-heading-title elementor-size-default\">V\u0161etci s\u00fa v\u00edtan\u00ed<\/h4>\t\t\t\t<\/div>\n\t\t\t\t<\/div>\n\t\t\t\t<div class=\"elementor-element elementor-element-300bad0 elementor-widget elementor-widget-heading\" data-id=\"300bad0\" data-element_type=\"widget\" data-widget_type=\"heading.default\">\n\t\t\t\t<div class=\"elementor-widget-container\">\n\t\t\t\t\t<h2 class=\"elementor-heading-title elementor-size-default\">Pr\u00ed\u010fte a pom\u00f4\u017ete, Pr\u00ed\u010fte a patrite k n\u00e1m<\/h2>\t\t\t\t<\/div>\n\t\t\t\t<\/div>\n\t\t\t\t<div class=\"elementor-element elementor-element-1f3fb90 elementor-widget elementor-widget-text-editor\" data-id=\"1f3fb90\" data-element_type=\"widget\" data-widget_type=\"text-editor.default\">\n\t\t\t\t<div class=\"elementor-widget-container\">\n\t\t\t\t\t\t\t\t\t<p><span style=\"font-weight: 400;\">H\u013ead\u00e1te smer, cie\u013e a zmysel svojho \u017eivota? To v\u0161etko m\u00f4\u017eete n\u00e1js\u0165 t\u00fato nede\u013eu na zhroma\u017eden\u00ed. <\/span><\/p>\t\t\t\t\t\t\t\t<\/div>\n\t\t\t\t<\/div>\n\t\t\t\t<\/div>\n\t\t\t\t<\/div>\n\t\t<div class=\"elementor-element elementor-element-791846d e-con-full e-flex e-con e-parent\" data-id=\"791846d\" data-element_type=\"container\" data-settings=\"{&quot;background_background&quot;:&quot;classic&quot;}\">\n\t\t<div class=\"elementor-element elementor-element-658dbf9 e-con-full e-flex e-con e-child\" data-id=\"658dbf9\" data-element_type=\"container\">\n\t\t\t\t<div class=\"elementor-element elementor-element-a4be101 elementor-widget elementor-widget-heading\" data-id=\"a4be101\" data-element_type=\"widget\" data-widget_type=\"heading.default\">\n\t\t\t\t<div class=\"elementor-widget-container\">\n\t\t\t\t\t<h4 class=\"elementor-heading-title elementor-size-default\">\u010co m\u00f4\u017eete o\u010dak\u00e1va\u0165 v cirkvi<\/h4>\t\t\t\t<\/div>\n\t\t\t\t<\/div>\n\t\t\t\t<div class=\"elementor-element elementor-element-65dcfe3 elementor-align-center elementor-widget elementor-widget-button\" data-id=\"65dcfe3\" data-element_type=\"widget\" data-widget_type=\"button.default\">\n\t\t\t\t<div class=\"elementor-widget-container\">\n\t\t\t\t\t\t\t\t\t<div class=\"elementor-button-wrapper\">\n\t\t\t\t\t<a class=\"elementor-button elementor-button-link elementor-size-md\" href=\"https:\/\/najitkrista.org\/sk\/service\/nedelni-bohosluzba\/co-muzete-v-cirkvi-ocekavat\/\">\n\t\t\t\t\t\t<span class=\"elementor-button-content-wrapper\">\n\t\t\t\t\t\t\t\t\t<span class=\"elementor-button-text\">Zistite viac<\/span>\n\t\t\t\t\t<\/span>\n\t\t\t\t\t<\/a>\n\t\t\t\t<\/div>\n\t\t\t\t\t\t\t\t<\/div>\n\t\t\t\t<\/div>\n\t\t\t\t<\/div>\n\t\t<div class=\"elementor-element elementor-element-f1254a3 e-con-full e-flex e-con e-child\" data-id=\"f1254a3\" data-element_type=\"container\">\n\t\t\t\t<div class=\"elementor-element elementor-element-0573647 elementor-widget elementor-widget-heading\" data-id=\"0573647\" data-element_type=\"widget\" data-widget_type=\"heading.default\">\n\t\t\t\t<div class=\"elementor-widget-container\">\n\t\t\t\t\t<h4 class=\"elementor-heading-title elementor-size-default\">N\u00e1jdite cirkevn\u00fa budovu vo svojom okol\u00ed<\/h4>\t\t\t\t<\/div>\n\t\t\t\t<\/div>\n\t\t\t\t<div class=\"elementor-element elementor-element-a56806a elementor-align-center elementor-widget elementor-widget-button\" data-id=\"a56806a\" data-element_type=\"widget\" data-widget_type=\"button.default\">\n\t\t\t\t<div class=\"elementor-widget-container\">\n\t\t\t\t\t\t\t\t\t<div class=\"elementor-button-wrapper\">\n\t\t\t\t\t<a class=\"elementor-button elementor-button-link elementor-size-md\" href=\"https:\/\/najitkrista.org\/sk\/contact\/locations\/\">\n\t\t\t\t\t\t<span class=\"elementor-button-content-wrapper\">\n\t\t\t\t\t\t\t\t\t<span class=\"elementor-button-text\">LOKALITA<\/span>\n\t\t\t\t\t<\/span>\n\t\t\t\t\t<\/a>\n\t\t\t\t<\/div>\n\t\t\t\t\t\t\t\t<\/div>\n\t\t\t\t<\/div>\n\t\t\t\t<\/div>\n\t\t\t\t<\/div>\n\t\t<div class=\"elementor-element elementor-element-1cffd48 e-flex e-con-boxed e-con e-parent\" data-id=\"1cffd48\" data-element_type=\"container\" data-settings=\"{&quot;background_background&quot;:&quot;classic&quot;}\">\n\t\t\t\t\t<div class=\"e-con-inner\">\n\t\t<div class=\"elementor-element elementor-element-6b9af8c e-flex e-con-boxed e-con e-child\" data-id=\"6b9af8c\" data-element_type=\"container\">\n\t\t\t\t\t<div class=\"e-con-inner\">\n\t\t<div class=\"elementor-element elementor-element-a2fbd1b e-flex e-con-boxed e-con e-child\" data-id=\"a2fbd1b\" data-element_type=\"container\">\n\t\t\t\t\t<div class=\"e-con-inner\">\n\t\t\t\t<div class=\"elementor-element elementor-element-6214f72 elementor-widget elementor-widget-heading\" data-id=\"6214f72\" data-element_type=\"widget\" data-widget_type=\"heading.default\">\n\t\t\t\t<div class=\"elementor-widget-container\">\n\t\t\t\t\t<h2 class=\"elementor-heading-title elementor-size-default\">Ako vyzeraj\u00fa bohoslu\u017eby?<\/h2>\t\t\t\t<\/div>\n\t\t\t\t<\/div>\n\t\t\t\t\t<\/div>\n\t\t\t\t<\/div>\n\t\t\t\t<div class=\"elementor-element elementor-element-84d6b9e elementor-hidden-tablet elementor-hidden-mobile elementor-widget elementor-widget-video\" data-id=\"84d6b9e\" data-element_type=\"widget\" data-settings=\"{&quot;youtube_url&quot;:&quot;https:\\\/\\\/www.youtube.com\\\/watch?v=EDBMg3xVtCM&quot;,&quot;video_type&quot;:&quot;youtube&quot;,&quot;controls&quot;:&quot;yes&quot;}\" data-widget_type=\"video.default\">\n\t\t\t\t<div class=\"elementor-widget-container\">\n\t\t\t\t\t\t\t<div class=\"elementor-wrapper elementor-open-inline\">\n\t\t\t<div class=\"elementor-video\"><\/div>\t\t<\/div>\n\t\t\t\t\t\t<\/div>\n\t\t\t\t<\/div>\n\t\t\t\t<div class=\"elementor-element elementor-element-3c6b57a elementor-hidden-desktop elementor-widget elementor-widget-video\" data-id=\"3c6b57a\" data-element_type=\"widget\" data-settings=\"{&quot;youtube_url&quot;:&quot;https:\\\/\\\/www.youtube.com\\\/watch?v=EDBMg3xVtCM&quot;,&quot;video_type&quot;:&quot;youtube&quot;,&quot;controls&quot;:&quot;yes&quot;}\" data-widget_type=\"video.default\">\n\t\t\t\t<div class=\"elementor-widget-container\">\n\t\t\t\t\t\t\t<div class=\"elementor-wrapper elementor-open-inline\">\n\t\t\t<div class=\"elementor-video\"><\/div>\t\t<\/div>\n\t\t\t\t\t\t<\/div>\n\t\t\t\t<\/div>\n\t\t\t\t\t<\/div>\n\t\t\t\t<\/div>\n\t\t\t\t\t<\/div>\n\t\t\t\t<\/div>\n\t\t\t\t<\/div>","protected":false},"excerpt":{"rendered":"<p>P\u0159ij\u010fte se pod\u00edvat Ned\u011bln\u00ed bohoslu\u017eba\u200b Za\u017eijte pokoj a l\u00e1sku, kterou v\u00e1m chce d\u00e1t B\u016fh.\u200b P\u0159ipojte se k n\u00e1m na ned\u011bln\u00ed bohoslu\u017eby osobn\u011b nebo online. kontakt V\u0161ichni jsou v\u00edt\u00e1ni P\u0159ij\u010fte a pomozte, P\u0159ij\u010fte a pat\u0159ete k n\u00e1m Hled\u00e1te sm\u011br, c\u00edl a smysl ve sv\u00e9m \u017eivot\u011b? To v\u0161e m\u016f\u017eete nal\u00e9zt u\u017e tuto ned\u011bli spole\u010dn\u011b s n\u00e1mi na [&hellip;]<\/p>","protected":false},"author":1,"featured_media":6000,"parent":2559,"menu_order":0,"comment_status":"closed","ping_status":"closed","template":"","meta":{"site-sidebar-layout":"no-sidebar","site-content-layout":"page-builder","ast-site-content-layout":"full-width-container","site-content-style":"default","site-sidebar-style":"default","ast-global-header-display":"","ast-banner-title-visibility":"","ast-main-header-display":"","ast-hfb-above-header-display":"","ast-hfb-below-header-display":"","ast-hfb-mobile-header-display":"","site-post-title":"disabled","ast-breadcrumbs-content":"","ast-featured-img":"disabled","footer-sml-layout":"","theme-transparent-header-meta":"","adv-header-id-meta":"","stick-header-meta":"","header-above-stick-meta":"","header-main-stick-meta":"","header-below-stick-meta":"","astra-migrate-meta-layouts":"set","ast-page-background-enabled":"default","ast-page-background-meta":{"desktop":{"background-color":"var(--ast-global-color-4)","background-image":"","background-repeat":"repeat","background-position":"center center","background-size":"auto","background-attachment":"scroll","background-type":"","background-media":"","overlay-type":"","overlay-color":"","overlay-opacity":"","overlay-gradient":""},"tablet":{"background-color":"","background-image":"","background-repeat":"repeat","background-position":"center center","background-size":"auto","background-attachment":"scroll","background-type":"","background-media":"","overlay-type":"","overlay-color":"","overlay-opacity":"","overlay-gradient":""},"mobile":{"background-color":"","background-image":"","background-repeat":"repeat","background-position":"center center","background-size":"auto","background-attachment":"scroll","background-type":"","background-media":"","overlay-type":"","overlay-color":"","overlay-opacity":"","overlay-gradient":""}},"ast-content-background-meta":{"desktop":{"background-color":"var(--ast-global-color-5)","background-image":"","background-repeat":"repeat","background-position":"center center","background-size":"auto","background-attachment":"scroll","background-type":"","background-media":"","overlay-type":"","overlay-color":"","overlay-opacity":"","overlay-gradient":""},"tablet":{"background-color":"var(--ast-global-color-5)","background-image":"","background-repeat":"repeat","background-position":"center center","background-size":"auto","background-attachment":"scroll","background-type":"","background-media":"","overlay-type":"","overlay-color":"","overlay-opacity":"","overlay-gradient":""},"mobile":{"background-color":"var(--ast-global-color-5)","background-image":"","background-repeat":"repeat","background-position":"center center","background-size":"auto","background-attachment":"scroll","background-type":"","background-media":"","overlay-type":"","overlay-color":"","overlay-opacity":"","overlay-gradient":""}},"footnotes":""},"class_list":["post-5997","page","type-page","status-publish","has-post-thumbnail","hentry"],"yoast_head":"<!-- This site is optimized with the Yoast SEO plugin v24.7 - https:\/\/yoast.com\/wordpress\/plugins\/seo\/ -->\n<title>Ned\u011bln\u00ed bohoslu\u017eba\u200b - Naj\u00edt Krista<\/title>\n<meta name=\"description\" content=\"Hled\u00e1te ve sv\u00e9m \u017eivot\u011b v\u00edce klidu a radosti? Nav\u0161tivte tuto ned\u011bli na\u0161e shrom\u00e1\u017ed\u011bn\u00ed.\" \/>\n<meta name=\"robots\" content=\"index, follow, max-snippet:-1, max-image-preview:large, max-video-preview:-1\" \/>\n<link rel=\"canonical\" href=\"https:\/\/najitkrista.org\/sk\/service\/nedelni-bohosluzba\/\" \/>\n<meta property=\"og:locale\" content=\"sk_SK\" \/>\n<meta property=\"og:type\" content=\"article\" \/>\n<meta property=\"og:title\" content=\"Ned\u011bln\u00ed bohoslu\u017eba\u200b - Naj\u00edt Krista\" \/>\n<meta property=\"og:description\" content=\"Hled\u00e1te ve sv\u00e9m \u017eivot\u011b v\u00edce klidu a radosti? Nav\u0161tivte tuto ned\u011bli na\u0161e shrom\u00e1\u017ed\u011bn\u00ed.\" \/>\n<meta property=\"og:url\" content=\"https:\/\/najitkrista.org\/sk\/service\/nedelni-bohosluzba\/\" \/>\n<meta property=\"og:site_name\" content=\"Naj\u00edt Krista\" \/>\n<meta property=\"article:modified_time\" content=\"2025-03-19T17:15:21+00:00\" \/>\n<meta property=\"og:image\" content=\"https:\/\/najitkrista.org\/wp-content\/uploads\/2024\/08\/Come-to-church.jpeg\" \/>\n\t<meta property=\"og:image:width\" content=\"1000\" \/>\n\t<meta property=\"og:image:height\" content=\"667\" \/>\n\t<meta property=\"og:image:type\" content=\"image\/jpeg\" \/>\n<meta name=\"twitter:card\" content=\"summary_large_image\" \/>\n<meta name=\"twitter:label1\" content=\"Predpokladan\u00fd \u010das \u010d\u00edtania\" \/>\n\t<meta name=\"twitter:data1\" content=\"1 min\u00fata\" \/>\n<script type=\"application\/ld+json\" class=\"yoast-schema-graph\">{\"@context\":\"https:\/\/schema.org\",\"@graph\":[{\"@type\":\"WebPage\",\"@id\":\"https:\/\/najitkrista.org\/service\/nedelni-bohosluzba\/\",\"url\":\"https:\/\/najitkrista.org\/service\/nedelni-bohosluzba\/\",\"name\":\"Ned\u011bln\u00ed bohoslu\u017eba\u200b - Naj\u00edt Krista\",\"isPartOf\":{\"@id\":\"https:\/\/najitkrista.org\/en\/#website\"},\"primaryImageOfPage\":{\"@id\":\"https:\/\/najitkrista.org\/service\/nedelni-bohosluzba\/#primaryimage\"},\"image\":{\"@id\":\"https:\/\/najitkrista.org\/service\/nedelni-bohosluzba\/#primaryimage\"},\"thumbnailUrl\":\"https:\/\/najitkrista.org\/wp-content\/uploads\/2024\/08\/Come-to-church.jpeg\",\"datePublished\":\"2024-08-13T16:43:18+00:00\",\"dateModified\":\"2025-03-19T17:15:21+00:00\",\"description\":\"Hled\u00e1te ve sv\u00e9m \u017eivot\u011b v\u00edce klidu a radosti? Nav\u0161tivte tuto ned\u011bli na\u0161e shrom\u00e1\u017ed\u011bn\u00ed.\",\"breadcrumb\":{\"@id\":\"https:\/\/najitkrista.org\/service\/nedelni-bohosluzba\/#breadcrumb\"},\"inLanguage\":\"sk-SK\",\"potentialAction\":[{\"@type\":\"ReadAction\",\"target\":[\"https:\/\/najitkrista.org\/service\/nedelni-bohosluzba\/\"]}]},{\"@type\":\"ImageObject\",\"inLanguage\":\"sk-SK\",\"@id\":\"https:\/\/najitkrista.org\/service\/nedelni-bohosluzba\/#primaryimage\",\"url\":\"https:\/\/najitkrista.org\/wp-content\/uploads\/2024\/08\/Come-to-church.jpeg\",\"contentUrl\":\"https:\/\/najitkrista.org\/wp-content\/uploads\/2024\/08\/Come-to-church.jpeg\",\"width\":1000,\"height\":667,\"caption\":\"Ned\u011bln\u00ed bohoslu\u017eba\u200b\"},{\"@type\":\"BreadcrumbList\",\"@id\":\"https:\/\/najitkrista.org\/service\/nedelni-bohosluzba\/#breadcrumb\",\"itemListElement\":[{\"@type\":\"ListItem\",\"position\":1,\"name\":\"Home\",\"item\":\"https:\/\/najitkrista.org\/cs\/\"},{\"@type\":\"ListItem\",\"position\":2,\"name\":\"Services\",\"item\":\"https:\/\/najitkrista.org\/service\/\"},{\"@type\":\"ListItem\",\"position\":3,\"name\":\"Ned\u011bln\u00ed bohoslu\u017eba\u200b\"}]},{\"@type\":\"WebSite\",\"@id\":\"https:\/\/najitkrista.org\/en\/#website\",\"url\":\"https:\/\/najitkrista.org\/en\/\",\"name\":\"Naj\u00edt Krista\",\"description\":\"Naj\u00edt Krista\",\"potentialAction\":[{\"@type\":\"SearchAction\",\"target\":{\"@type\":\"EntryPoint\",\"urlTemplate\":\"https:\/\/najitkrista.org\/en\/?s={search_term_string}\"},\"query-input\":{\"@type\":\"PropertyValueSpecification\",\"valueRequired\":true,\"valueName\":\"search_term_string\"}}],\"inLanguage\":\"sk-SK\"}]}<\/script>\n<!-- \/ Yoast SEO plugin. -->","yoast_head_json":{"title":"Ned\u011bln\u00ed bohoslu\u017eba\u200b - Naj\u00edt Krista","description":"Hled\u00e1te ve sv\u00e9m \u017eivot\u011b v\u00edce klidu a radosti? Nav\u0161tivte tuto ned\u011bli na\u0161e shrom\u00e1\u017ed\u011bn\u00ed.","robots":{"index":"index","follow":"follow","max-snippet":"max-snippet:-1","max-image-preview":"max-image-preview:large","max-video-preview":"max-video-preview:-1"},"canonical":"https:\/\/najitkrista.org\/sk\/service\/nedelni-bohosluzba\/","og_locale":"sk_SK","og_type":"article","og_title":"Ned\u011bln\u00ed bohoslu\u017eba\u200b - Naj\u00edt Krista","og_description":"Hled\u00e1te ve sv\u00e9m \u017eivot\u011b v\u00edce klidu a radosti? Nav\u0161tivte tuto ned\u011bli na\u0161e shrom\u00e1\u017ed\u011bn\u00ed.","og_url":"https:\/\/najitkrista.org\/sk\/service\/nedelni-bohosluzba\/","og_site_name":"Naj\u00edt Krista","article_modified_time":"2025-03-19T17:15:21+00:00","og_image":[{"width":1000,"height":667,"url":"https:\/\/najitkrista.org\/wp-content\/uploads\/2024\/08\/Come-to-church.jpeg","type":"image\/jpeg"}],"twitter_card":"summary_large_image","twitter_misc":{"Predpokladan\u00fd \u010das \u010d\u00edtania":"1 min\u00fata"},"schema":{"@context":"https:\/\/schema.org","@graph":[{"@type":"WebPage","@id":"https:\/\/najitkrista.org\/service\/nedelni-bohosluzba\/","url":"https:\/\/najitkrista.org\/service\/nedelni-bohosluzba\/","name":"Ned\u011bln\u00ed bohoslu\u017eba\u200b - Naj\u00edt Krista","isPartOf":{"@id":"https:\/\/najitkrista.org\/en\/#website"},"primaryImageOfPage":{"@id":"https:\/\/najitkrista.org\/service\/nedelni-bohosluzba\/#primaryimage"},"image":{"@id":"https:\/\/najitkrista.org\/service\/nedelni-bohosluzba\/#primaryimage"},"thumbnailUrl":"https:\/\/najitkrista.org\/wp-content\/uploads\/2024\/08\/Come-to-church.jpeg","datePublished":"2024-08-13T16:43:18+00:00","dateModified":"2025-03-19T17:15:21+00:00","description":"Hled\u00e1te ve sv\u00e9m \u017eivot\u011b v\u00edce klidu a radosti? Nav\u0161tivte tuto ned\u011bli na\u0161e shrom\u00e1\u017ed\u011bn\u00ed.","breadcrumb":{"@id":"https:\/\/najitkrista.org\/service\/nedelni-bohosluzba\/#breadcrumb"},"inLanguage":"sk-SK","potentialAction":[{"@type":"ReadAction","target":["https:\/\/najitkrista.org\/service\/nedelni-bohosluzba\/"]}]},{"@type":"ImageObject","inLanguage":"sk-SK","@id":"https:\/\/najitkrista.org\/service\/nedelni-bohosluzba\/#primaryimage","url":"https:\/\/najitkrista.org\/wp-content\/uploads\/2024\/08\/Come-to-church.jpeg","contentUrl":"https:\/\/najitkrista.org\/wp-content\/uploads\/2024\/08\/Come-to-church.jpeg","width":1000,"height":667,"caption":"Ned\u011bln\u00ed bohoslu\u017eba\u200b"},{"@type":"BreadcrumbList","@id":"https:\/\/najitkrista.org\/service\/nedelni-bohosluzba\/#breadcrumb","itemListElement":[{"@type":"ListItem","position":1,"name":"Home","item":"https:\/\/najitkrista.org\/cs\/"},{"@type":"ListItem","position":2,"name":"Services","item":"https:\/\/najitkrista.org\/service\/"},{"@type":"ListItem","position":3,"name":"Ned\u011bln\u00ed bohoslu\u017eba\u200b"}]},{"@type":"WebSite","@id":"https:\/\/najitkrista.org\/en\/#website","url":"https:\/\/najitkrista.org\/en\/","name":"Naj\u00edt Krista","description":"Naj\u00edt Krista","potentialAction":[{"@type":"SearchAction","target":{"@type":"EntryPoint","urlTemplate":"https:\/\/najitkrista.org\/en\/?s={search_term_string}"},"query-input":{"@type":"PropertyValueSpecification","valueRequired":true,"valueName":"search_term_string"}}],"inLanguage":"sk-SK"}]}},"_links":{"self":[{"href":"https:\/\/najitkrista.org\/sk\/wp-json\/wp\/v2\/pages\/5997","targetHints":{"allow":["GET"]}}],"collection":[{"href":"https:\/\/najitkrista.org\/sk\/wp-json\/wp\/v2\/pages"}],"about":[{"href":"https:\/\/najitkrista.org\/sk\/wp-json\/wp\/v2\/types\/page"}],"author":[{"embeddable":true,"href":"https:\/\/najitkrista.org\/sk\/wp-json\/wp\/v2\/users\/1"}],"replies":[{"embeddable":true,"href":"https:\/\/najitkrista.org\/sk\/wp-json\/wp\/v2\/comments?post=5997"}],"version-history":[{"count":56,"href":"https:\/\/najitkrista.org\/sk\/wp-json\/wp\/v2\/pages\/5997\/revisions"}],"predecessor-version":[{"id":7436,"href":"https:\/\/najitkrista.org\/sk\/wp-json\/wp\/v2\/pages\/5997\/revisions\/7436"}],"up":[{"embeddable":true,"href":"https:\/\/najitkrista.org\/sk\/wp-json\/wp\/v2\/pages\/2559"}],"wp:featuredmedia":[{"embeddable":true,"href":"https:\/\/najitkrista.org\/sk\/wp-json\/wp\/v2\/media\/6000"}],"wp:attachment":[{"href":"https:\/\/najitkrista.org\/sk\/wp-json\/wp\/v2\/media?parent=5997"}],"curies":[{"name":"wp","href":"https:\/\/api.w.org\/{rel}","templated":true}]}}