{"id":37,"date":"2023-01-02T09:00:43","date_gmt":"2023-01-02T09:00:43","guid":{"rendered":"http:\/\/najitkrista.org\/?page_id=37"},"modified":"2025-03-13T21:56:33","modified_gmt":"2025-03-13T21:56:33","slug":"template-branding","status":"publish","type":"page","link":"https:\/\/najitkrista.org\/sk\/template-branding\/","title":{"rendered":"Template Branding"},"content":{"rendered":"<div data-elementor-type=\"wp-page\" data-elementor-id=\"37\" class=\"elementor elementor-37\" data-elementor-post-type=\"page\">\n\t\t\t\t\t\t<section class=\"elementor-section elementor-top-section elementor-element elementor-element-068b2e2 elementor-section-boxed elementor-section-height-default elementor-section-height-default\" data-id=\"068b2e2\" data-element_type=\"section\">\n\t\t\t\t\t\t<div class=\"elementor-container elementor-column-gap-default\">\n\t\t\t\t\t<div class=\"elementor-column elementor-col-100 elementor-top-column elementor-element elementor-element-0b1ec0c\" data-id=\"0b1ec0c\" data-element_type=\"column\">\n\t\t\t<div class=\"elementor-widget-wrap elementor-element-populated\">\n\t\t\t\t\t\t<div class=\"elementor-element elementor-element-47a304f elementor-widget elementor-widget-heading\" data-id=\"47a304f\" data-element_type=\"widget\" data-widget_type=\"heading.default\">\n\t\t\t\t<div class=\"elementor-widget-container\">\n\t\t\t\t\t<h1 class=\"elementor-heading-title elementor-size-default\">H1 Add Your Heading Text Here<\/h1>\t\t\t\t<\/div>\n\t\t\t\t<\/div>\n\t\t\t\t<div class=\"elementor-element elementor-element-af7cbe4 elementor-widget elementor-widget-heading\" data-id=\"af7cbe4\" data-element_type=\"widget\" data-widget_type=\"heading.default\">\n\t\t\t\t<div class=\"elementor-widget-container\">\n\t\t\t\t\t<h2 class=\"elementor-heading-title elementor-size-default\">H2 Add Your Heading Text Here<\/h2>\t\t\t\t<\/div>\n\t\t\t\t<\/div>\n\t\t\t\t<div class=\"elementor-element elementor-element-b04efbf elementor-widget elementor-widget-heading\" data-id=\"b04efbf\" data-element_type=\"widget\" data-widget_type=\"heading.default\">\n\t\t\t\t<div class=\"elementor-widget-container\">\n\t\t\t\t\t<h3 class=\"elementor-heading-title elementor-size-default\">H3 Add Your Heading Text Here<\/h3>\t\t\t\t<\/div>\n\t\t\t\t<\/div>\n\t\t\t\t<div class=\"elementor-element elementor-element-79d076a elementor-widget elementor-widget-heading\" data-id=\"79d076a\" data-element_type=\"widget\" data-widget_type=\"heading.default\">\n\t\t\t\t<div class=\"elementor-widget-container\">\n\t\t\t\t\t<h4 class=\"elementor-heading-title elementor-size-default\">H4 Add Your Heading Text Here<\/h4>\t\t\t\t<\/div>\n\t\t\t\t<\/div>\n\t\t\t\t<div class=\"elementor-element elementor-element-4e1ec24 elementor-widget elementor-widget-heading\" data-id=\"4e1ec24\" data-element_type=\"widget\" data-widget_type=\"heading.default\">\n\t\t\t\t<div class=\"elementor-widget-container\">\n\t\t\t\t\t<h5 class=\"elementor-heading-title elementor-size-default\">H5 Add Your Heading Text Here<\/h5>\t\t\t\t<\/div>\n\t\t\t\t<\/div>\n\t\t\t\t<div class=\"elementor-element elementor-element-fbc2b7c elementor-widget elementor-widget-heading\" data-id=\"fbc2b7c\" data-element_type=\"widget\" data-widget_type=\"heading.default\">\n\t\t\t\t<div class=\"elementor-widget-container\">\n\t\t\t\t\t<h6 class=\"elementor-heading-title elementor-size-default\">H6 Add Your Heading Text Here<\/h6>\t\t\t\t<\/div>\n\t\t\t\t<\/div>\n\t\t\t\t<div class=\"elementor-element elementor-element-818c8b4 elementor-widget elementor-widget-heading\" data-id=\"818c8b4\" data-element_type=\"widget\" data-widget_type=\"heading.default\">\n\t\t\t\t<div class=\"elementor-widget-container\">\n\t\t\t\t\t<div class=\"elementor-heading-title elementor-size-default\">div<\/div>\t\t\t\t<\/div>\n\t\t\t\t<\/div>\n\t\t\t\t<div class=\"elementor-element elementor-element-806b617 elementor-widget elementor-widget-heading\" data-id=\"806b617\" data-element_type=\"widget\" data-widget_type=\"heading.default\">\n\t\t\t\t<div class=\"elementor-widget-container\">\n\t\t\t\t\t<span class=\"elementor-heading-title elementor-size-default\">span<\/span>\t\t\t\t<\/div>\n\t\t\t\t<\/div>\n\t\t\t\t<div class=\"elementor-element elementor-element-55e4e8e elementor-widget elementor-widget-heading\" data-id=\"55e4e8e\" data-element_type=\"widget\" data-widget_type=\"heading.default\">\n\t\t\t\t<div class=\"elementor-widget-container\">\n\t\t\t\t\t<p class=\"elementor-heading-title elementor-size-default\">p<\/p>\t\t\t\t<\/div>\n\t\t\t\t<\/div>\n\t\t\t\t\t<\/div>\n\t\t<\/div>\n\t\t\t\t\t<\/div>\n\t\t<\/section>\n\t\t\t\t<section class=\"elementor-section elementor-top-section elementor-element elementor-element-0592e5d elementor-section-boxed elementor-section-height-default elementor-section-height-default\" data-id=\"0592e5d\" data-element_type=\"section\">\n\t\t\t\t\t\t<div class=\"elementor-container elementor-column-gap-default\">\n\t\t\t\t\t<div class=\"elementor-column elementor-col-100 elementor-top-column elementor-element elementor-element-8a01a3b\" data-id=\"8a01a3b\" data-element_type=\"column\">\n\t\t\t<div class=\"elementor-widget-wrap elementor-element-populated\">\n\t\t\t\t\t\t<div class=\"elementor-element elementor-element-a7c7b65 elementor-widget elementor-widget-heading\" data-id=\"a7c7b65\" data-element_type=\"widget\" data-widget_type=\"heading.default\">\n\t\t\t\t<div class=\"elementor-widget-container\">\n\t\t\t\t\t<h1 class=\"elementor-heading-title elementor-size-default\">H1 Add Your Heading Text Here<\/h1>\t\t\t\t<\/div>\n\t\t\t\t<\/div>\n\t\t\t\t<div class=\"elementor-element elementor-element-4990dac elementor-widget elementor-widget-heading\" data-id=\"4990dac\" data-element_type=\"widget\" data-widget_type=\"heading.default\">\n\t\t\t\t<div class=\"elementor-widget-container\">\n\t\t\t\t\t<h2 class=\"elementor-heading-title elementor-size-default\">H2 Add Your Heading Text Here<\/h2>\t\t\t\t<\/div>\n\t\t\t\t<\/div>\n\t\t\t\t<div class=\"elementor-element elementor-element-b15846b elementor-widget elementor-widget-heading\" data-id=\"b15846b\" data-element_type=\"widget\" data-widget_type=\"heading.default\">\n\t\t\t\t<div class=\"elementor-widget-container\">\n\t\t\t\t\t<h3 class=\"elementor-heading-title elementor-size-default\">H3 Add Your Heading Text Here<\/h3>\t\t\t\t<\/div>\n\t\t\t\t<\/div>\n\t\t\t\t<div class=\"elementor-element elementor-element-2043a3b elementor-widget elementor-widget-heading\" data-id=\"2043a3b\" data-element_type=\"widget\" data-widget_type=\"heading.default\">\n\t\t\t\t<div class=\"elementor-widget-container\">\n\t\t\t\t\t<h4 class=\"elementor-heading-title elementor-size-default\">H4 Add Your Heading Text Here<\/h4>\t\t\t\t<\/div>\n\t\t\t\t<\/div>\n\t\t\t\t<div class=\"elementor-element elementor-element-7e97e5d elementor-widget elementor-widget-heading\" data-id=\"7e97e5d\" data-element_type=\"widget\" data-widget_type=\"heading.default\">\n\t\t\t\t<div class=\"elementor-widget-container\">\n\t\t\t\t\t<h5 class=\"elementor-heading-title elementor-size-default\">H5 Add Your Heading Text Here<\/h5>\t\t\t\t<\/div>\n\t\t\t\t<\/div>\n\t\t\t\t<div class=\"elementor-element elementor-element-102c989 elementor-widget elementor-widget-heading\" data-id=\"102c989\" data-element_type=\"widget\" data-widget_type=\"heading.default\">\n\t\t\t\t<div class=\"elementor-widget-container\">\n\t\t\t\t\t<h6 class=\"elementor-heading-title elementor-size-default\">H6 Add Your Heading Text Here<\/h6>\t\t\t\t<\/div>\n\t\t\t\t<\/div>\n\t\t\t\t<div class=\"elementor-element elementor-element-6bf0e60 elementor-widget elementor-widget-heading\" data-id=\"6bf0e60\" data-element_type=\"widget\" data-widget_type=\"heading.default\">\n\t\t\t\t<div class=\"elementor-widget-container\">\n\t\t\t\t\t<div class=\"elementor-heading-title elementor-size-default\">div<\/div>\t\t\t\t<\/div>\n\t\t\t\t<\/div>\n\t\t\t\t<div class=\"elementor-element elementor-element-16119ad elementor-widget elementor-widget-heading\" data-id=\"16119ad\" data-element_type=\"widget\" data-widget_type=\"heading.default\">\n\t\t\t\t<div class=\"elementor-widget-container\">\n\t\t\t\t\t<span class=\"elementor-heading-title elementor-size-default\">span<\/span>\t\t\t\t<\/div>\n\t\t\t\t<\/div>\n\t\t\t\t<div class=\"elementor-element elementor-element-93878dd elementor-widget elementor-widget-heading\" data-id=\"93878dd\" data-element_type=\"widget\" data-widget_type=\"heading.default\">\n\t\t\t\t<div class=\"elementor-widget-container\">\n\t\t\t\t\t<p class=\"elementor-heading-title elementor-size-default\">p<\/p>\t\t\t\t<\/div>\n\t\t\t\t<\/div>\n\t\t\t\t\t<\/div>\n\t\t<\/div>\n\t\t\t\t\t<\/div>\n\t\t<\/section>\n\t\t\t\t<\/div>","protected":false},"excerpt":{"rendered":"<p>H1 Add Your Heading Text Here H2 Add Your Heading Text Here H3 Add Your Heading Text Here H4 Add Your Heading Text Here H5 Add Your Heading Text Here H6 Add Your Heading Text Here div span p H1 Add Your Heading Text Here H2 Add Your Heading Text Here H3 Add Your Heading [&hellip;]<\/p>","protected":false},"author":1,"featured_media":0,"parent":0,"menu_order":0,"comment_status":"closed","ping_status":"closed","template":"","meta":{"site-sidebar-layout":"no-sidebar","site-content-layout":"page-builder","ast-site-content-layout":"","site-content-style":"default","site-sidebar-style":"default","ast-global-header-display":"","ast-banner-title-visibility":"","ast-main-header-display":"","ast-hfb-above-header-display":"","ast-hfb-below-header-display":"","ast-hfb-mobile-header-display":"","site-post-title":"disabled","ast-breadcrumbs-content":"","ast-featured-img":"disabled","footer-sml-layout":"","theme-transparent-header-meta":"","adv-header-id-meta":"","stick-header-meta":"","header-above-stick-meta":"","header-main-stick-meta":"","header-below-stick-meta":"","astra-migrate-meta-layouts":"default","ast-page-background-enabled":"default","ast-page-background-meta":{"desktop":{"background-color":"var(--ast-global-color-4)","background-image":"","background-repeat":"repeat","background-position":"center center","background-size":"auto","background-attachment":"scroll","background-type":"","background-media":"","overlay-type":"","overlay-color":"","overlay-opacity":"","overlay-gradient":""},"tablet":{"background-color":"","background-image":"","background-repeat":"repeat","background-position":"center center","background-size":"auto","background-attachment":"scroll","background-type":"","background-media":"","overlay-type":"","overlay-color":"","overlay-opacity":"","overlay-gradient":""},"mobile":{"background-color":"","background-image":"","background-repeat":"repeat","background-position":"center center","background-size":"auto","background-attachment":"scroll","background-type":"","background-media":"","overlay-type":"","overlay-color":"","overlay-opacity":"","overlay-gradient":""}},"ast-content-background-meta":{"desktop":{"background-color":"var(--ast-global-color-5)","background-image":"","background-repeat":"repeat","background-position":"center center","background-size":"auto","background-attachment":"scroll","background-type":"","background-media":"","overlay-type":"","overlay-color":"","overlay-opacity":"","overlay-gradient":""},"tablet":{"background-color":"var(--ast-global-color-5)","background-image":"","background-repeat":"repeat","background-position":"center center","background-size":"auto","background-attachment":"scroll","background-type":"","background-media":"","overlay-type":"","overlay-color":"","overlay-opacity":"","overlay-gradient":""},"mobile":{"background-color":"var(--ast-global-color-5)","background-image":"","background-repeat":"repeat","background-position":"center center","background-size":"auto","background-attachment":"scroll","background-type":"","background-media":"","overlay-type":"","overlay-color":"","overlay-opacity":"","overlay-gradient":""}},"footnotes":""},"class_list":["post-37","page","type-page","status-publish","hentry"],"yoast_head":"<!-- This site is optimized with the Yoast SEO plugin v24.7 - https:\/\/yoast.com\/wordpress\/plugins\/seo\/ -->\n<title>Template Branding - Naj\u00edt Krista<\/title>\n<meta name=\"robots\" content=\"index, follow, max-snippet:-1, max-image-preview:large, max-video-preview:-1\" \/>\n<link rel=\"canonical\" href=\"https:\/\/najitkrista.org\/sk\/template-branding\/\" \/>\n<meta property=\"og:locale\" content=\"sk_SK\" \/>\n<meta property=\"og:type\" content=\"article\" \/>\n<meta property=\"og:title\" content=\"Template Branding - Naj\u00edt Krista\" \/>\n<meta property=\"og:description\" content=\"H1 Add Your Heading Text Here H2 Add Your Heading Text Here H3 Add Your Heading Text Here H4 Add Your Heading Text Here H5 Add Your Heading Text Here H6 Add Your Heading Text Here div span p H1 Add Your Heading Text Here H2 Add Your Heading Text Here H3 Add Your Heading [&hellip;]\" \/>\n<meta property=\"og:url\" content=\"https:\/\/najitkrista.org\/sk\/template-branding\/\" \/>\n<meta property=\"og:site_name\" content=\"Naj\u00edt Krista\" \/>\n<meta property=\"article:modified_time\" content=\"2025-03-13T21:56:33+00:00\" \/>\n<meta name=\"twitter:card\" content=\"summary_large_image\" \/>\n<meta name=\"twitter:label1\" content=\"Predpokladan\u00fd \u010das \u010d\u00edtania\" \/>\n\t<meta name=\"twitter:data1\" content=\"1 min\u00fata\" \/>\n<script type=\"application\/ld+json\" class=\"yoast-schema-graph\">{\"@context\":\"https:\/\/schema.org\",\"@graph\":[{\"@type\":\"WebPage\",\"@id\":\"https:\/\/najitkrista.org\/template-branding\/\",\"url\":\"https:\/\/najitkrista.org\/template-branding\/\",\"name\":\"Template Branding - Naj\u00edt Krista\",\"isPartOf\":{\"@id\":\"https:\/\/najitkrista.org\/en\/#website\"},\"datePublished\":\"2023-01-02T09:00:43+00:00\",\"dateModified\":\"2025-03-13T21:56:33+00:00\",\"breadcrumb\":{\"@id\":\"https:\/\/najitkrista.org\/template-branding\/#breadcrumb\"},\"inLanguage\":\"sk-SK\",\"potentialAction\":[{\"@type\":\"ReadAction\",\"target\":[\"https:\/\/najitkrista.org\/template-branding\/\"]}]},{\"@type\":\"BreadcrumbList\",\"@id\":\"https:\/\/najitkrista.org\/template-branding\/#breadcrumb\",\"itemListElement\":[{\"@type\":\"ListItem\",\"position\":1,\"name\":\"Home\",\"item\":\"https:\/\/najitkrista.org\/cs\/\"},{\"@type\":\"ListItem\",\"position\":2,\"name\":\"Template Branding\"}]},{\"@type\":\"WebSite\",\"@id\":\"https:\/\/najitkrista.org\/en\/#website\",\"url\":\"https:\/\/najitkrista.org\/en\/\",\"name\":\"Naj\u00edt Krista\",\"description\":\"Naj\u00edt Krista\",\"potentialAction\":[{\"@type\":\"SearchAction\",\"target\":{\"@type\":\"EntryPoint\",\"urlTemplate\":\"https:\/\/najitkrista.org\/en\/?s={search_term_string}\"},\"query-input\":{\"@type\":\"PropertyValueSpecification\",\"valueRequired\":true,\"valueName\":\"search_term_string\"}}],\"inLanguage\":\"sk-SK\"}]}<\/script>\n<!-- \/ Yoast SEO plugin. -->","yoast_head_json":{"title":"Template Branding - Naj\u00edt Krista","robots":{"index":"index","follow":"follow","max-snippet":"max-snippet:-1","max-image-preview":"max-image-preview:large","max-video-preview":"max-video-preview:-1"},"canonical":"https:\/\/najitkrista.org\/sk\/template-branding\/","og_locale":"sk_SK","og_type":"article","og_title":"Template Branding - Naj\u00edt Krista","og_description":"H1 Add Your Heading Text Here H2 Add Your Heading Text Here H3 Add Your Heading Text Here H4 Add Your Heading Text Here H5 Add Your Heading Text Here H6 Add Your Heading Text Here div span p H1 Add Your Heading Text Here H2 Add Your Heading Text Here H3 Add Your Heading [&hellip;]","og_url":"https:\/\/najitkrista.org\/sk\/template-branding\/","og_site_name":"Naj\u00edt Krista","article_modified_time":"2025-03-13T21:56:33+00:00","twitter_card":"summary_large_image","twitter_misc":{"Predpokladan\u00fd \u010das \u010d\u00edtania":"1 min\u00fata"},"schema":{"@context":"https:\/\/schema.org","@graph":[{"@type":"WebPage","@id":"https:\/\/najitkrista.org\/template-branding\/","url":"https:\/\/najitkrista.org\/template-branding\/","name":"Template Branding - Naj\u00edt Krista","isPartOf":{"@id":"https:\/\/najitkrista.org\/en\/#website"},"datePublished":"2023-01-02T09:00:43+00:00","dateModified":"2025-03-13T21:56:33+00:00","breadcrumb":{"@id":"https:\/\/najitkrista.org\/template-branding\/#breadcrumb"},"inLanguage":"sk-SK","potentialAction":[{"@type":"ReadAction","target":["https:\/\/najitkrista.org\/template-branding\/"]}]},{"@type":"BreadcrumbList","@id":"https:\/\/najitkrista.org\/template-branding\/#breadcrumb","itemListElement":[{"@type":"ListItem","position":1,"name":"Home","item":"https:\/\/najitkrista.org\/cs\/"},{"@type":"ListItem","position":2,"name":"Template Branding"}]},{"@type":"WebSite","@id":"https:\/\/najitkrista.org\/en\/#website","url":"https:\/\/najitkrista.org\/en\/","name":"Naj\u00edt Krista","description":"Naj\u00edt Krista","potentialAction":[{"@type":"SearchAction","target":{"@type":"EntryPoint","urlTemplate":"https:\/\/najitkrista.org\/en\/?s={search_term_string}"},"query-input":{"@type":"PropertyValueSpecification","valueRequired":true,"valueName":"search_term_string"}}],"inLanguage":"sk-SK"}]}},"_links":{"self":[{"href":"https:\/\/najitkrista.org\/sk\/wp-json\/wp\/v2\/pages\/37","targetHints":{"allow":["GET"]}}],"collection":[{"href":"https:\/\/najitkrista.org\/sk\/wp-json\/wp\/v2\/pages"}],"about":[{"href":"https:\/\/najitkrista.org\/sk\/wp-json\/wp\/v2\/types\/page"}],"author":[{"embeddable":true,"href":"https:\/\/najitkrista.org\/sk\/wp-json\/wp\/v2\/users\/1"}],"replies":[{"embeddable":true,"href":"https:\/\/najitkrista.org\/sk\/wp-json\/wp\/v2\/comments?post=37"}],"version-history":[{"count":25,"href":"https:\/\/najitkrista.org\/sk\/wp-json\/wp\/v2\/pages\/37\/revisions"}],"predecessor-version":[{"id":7295,"href":"https:\/\/najitkrista.org\/sk\/wp-json\/wp\/v2\/pages\/37\/revisions\/7295"}],"wp:attachment":[{"href":"https:\/\/najitkrista.org\/sk\/wp-json\/wp\/v2\/media?parent=37"}],"curies":[{"name":"wp","href":"https:\/\/api.w.org\/{rel}","templated":true}]}}