{"id":2371,"date":"2023-02-15T22:11:22","date_gmt":"2023-02-15T22:11:22","guid":{"rendered":"http:\/\/najitkrista.org\/?page_id=2371"},"modified":"2024-06-12T17:09:03","modified_gmt":"2024-06-12T17:09:03","slug":"about","status":"publish","type":"page","link":"https:\/\/najitkrista.org\/en\/about\/","title":{"rendered":"About"},"content":{"rendered":"<div data-elementor-type=\"wp-page\" data-elementor-id=\"2371\" class=\"elementor elementor-2371\" data-elementor-post-type=\"page\">\n\t\t\t\t\t\t<section class=\"elementor-section elementor-top-section elementor-element elementor-element-3916477c elementor-section-full_width elementor-section-height-min-height elementor-section-height-default elementor-section-items-middle\" data-id=\"3916477c\" data-element_type=\"section\" data-settings=\"{&quot;background_background&quot;:&quot;classic&quot;}\">\n\t\t\t\t\t\t\t<div class=\"elementor-background-overlay\"><\/div>\n\t\t\t\t\t\t\t<div class=\"elementor-container elementor-column-gap-default\">\n\t\t\t\t\t<div class=\"elementor-column elementor-col-100 elementor-top-column elementor-element elementor-element-21a8c162\" data-id=\"21a8c162\" data-element_type=\"column\">\n\t\t\t<div class=\"elementor-widget-wrap elementor-element-populated\">\n\t\t\t\t\t\t<section class=\"elementor-section elementor-inner-section elementor-element elementor-element-5cfa775b elementor-section-boxed elementor-section-height-default elementor-section-height-default\" data-id=\"5cfa775b\" data-element_type=\"section\">\n\t\t\t\t\t\t<div class=\"elementor-container elementor-column-gap-default\">\n\t\t\t\t\t<div class=\"elementor-column elementor-col-50 elementor-inner-column elementor-element elementor-element-829b21d\" data-id=\"829b21d\" data-element_type=\"column\" data-settings=\"{&quot;background_background&quot;:&quot;classic&quot;}\">\n\t\t\t<div class=\"elementor-widget-wrap elementor-element-populated\">\n\t\t\t\t\t\t<div class=\"elementor-element elementor-element-f74cafb elementor-widget elementor-widget-heading\" data-id=\"f74cafb\" data-element_type=\"widget\" data-widget_type=\"heading.default\">\n\t\t\t\t<div class=\"elementor-widget-container\">\n\t\t\t\t\t<h4 class=\"elementor-heading-title elementor-size-default\">About Us<\/h4>\t\t\t\t<\/div>\n\t\t\t\t<\/div>\n\t\t\t\t<div class=\"elementor-element elementor-element-a23027a elementor-widget elementor-widget-heading\" data-id=\"a23027a\" data-element_type=\"widget\" data-widget_type=\"heading.default\">\n\t\t\t\t<div class=\"elementor-widget-container\">\n\t\t\t\t\t<h1 class=\"elementor-heading-title elementor-size-default\">Always There For You<\/h1>\t\t\t\t<\/div>\n\t\t\t\t<\/div>\n\t\t\t\t<div class=\"elementor-element elementor-element-2c9262f elementor-widget elementor-widget-spacer\" data-id=\"2c9262f\" data-element_type=\"widget\" data-widget_type=\"spacer.default\">\n\t\t\t\t<div class=\"elementor-widget-container\">\n\t\t\t\t\t\t\t<div class=\"elementor-spacer\">\n\t\t\t<div class=\"elementor-spacer-inner\"><\/div>\n\t\t<\/div>\n\t\t\t\t\t\t<\/div>\n\t\t\t\t<\/div>\n\t\t\t\t<div class=\"elementor-element elementor-element-d78adcb elementor-widget elementor-widget-heading\" data-id=\"d78adcb\" data-element_type=\"widget\" data-widget_type=\"heading.default\">\n\t\t\t\t<div class=\"elementor-widget-container\">\n\t\t\t\t\t<h3 class=\"elementor-heading-title elementor-size-default\">We are here to help you find your path to God.<\/h3>\t\t\t\t<\/div>\n\t\t\t\t<\/div>\n\t\t\t\t<div class=\"elementor-element elementor-element-aebc38a elementor-widget elementor-widget-spacer\" data-id=\"aebc38a\" data-element_type=\"widget\" data-widget_type=\"spacer.default\">\n\t\t\t\t<div class=\"elementor-widget-container\">\n\t\t\t\t\t\t\t<div class=\"elementor-spacer\">\n\t\t\t<div class=\"elementor-spacer-inner\"><\/div>\n\t\t<\/div>\n\t\t\t\t\t\t<\/div>\n\t\t\t\t<\/div>\n\t\t\t\t<div class=\"elementor-element elementor-element-6f9dd02 elementor-widget elementor-widget-heading\" data-id=\"6f9dd02\" data-element_type=\"widget\" data-widget_type=\"heading.default\">\n\t\t\t\t<div class=\"elementor-widget-container\">\n\t\t\t\t\t<h5 class=\"elementor-heading-title elementor-size-default\">The teachings of Jesus Christ have changed our lives.<\/h5>\t\t\t\t<\/div>\n\t\t\t\t<\/div>\n\t\t\t\t<div class=\"elementor-element elementor-element-891dc29 elementor-widget elementor-widget-spacer\" data-id=\"891dc29\" data-element_type=\"widget\" data-widget_type=\"spacer.default\">\n\t\t\t\t<div class=\"elementor-widget-container\">\n\t\t\t\t\t\t\t<div class=\"elementor-spacer\">\n\t\t\t<div class=\"elementor-spacer-inner\"><\/div>\n\t\t<\/div>\n\t\t\t\t\t\t<\/div>\n\t\t\t\t<\/div>\n\t\t\t\t\t<\/div>\n\t\t<\/div>\n\t\t\t\t<div class=\"elementor-column elementor-col-50 elementor-inner-column elementor-element elementor-element-5ca3cb42\" data-id=\"5ca3cb42\" data-element_type=\"column\">\n\t\t\t<div class=\"elementor-widget-wrap\">\n\t\t\t\t\t\t\t<\/div>\n\t\t<\/div>\n\t\t\t\t\t<\/div>\n\t\t<\/section>\n\t\t\t\t\t<\/div>\n\t\t<\/div>\n\t\t\t\t\t<\/div>\n\t\t<\/section>\n\t\t\t\t<section class=\"elementor-section elementor-top-section elementor-element elementor-element-828c1f3 elementor-section-full_width elementor-section-height-default elementor-section-height-default\" data-id=\"828c1f3\" data-element_type=\"section\" data-settings=\"{&quot;background_background&quot;:&quot;classic&quot;}\">\n\t\t\t\t\t\t<div class=\"elementor-container elementor-column-gap-default\">\n\t\t\t\t\t<div class=\"elementor-column elementor-col-100 elementor-top-column elementor-element elementor-element-6448ed5\" data-id=\"6448ed5\" data-element_type=\"column\">\n\t\t\t<div class=\"elementor-widget-wrap elementor-element-populated\">\n\t\t\t\t\t\t<section class=\"elementor-section elementor-inner-section elementor-element elementor-element-a0f97aa elementor-section-content-middle elementor-section-boxed elementor-section-height-default elementor-section-height-default\" data-id=\"a0f97aa\" data-element_type=\"section\">\n\t\t\t\t\t\t<div class=\"elementor-container elementor-column-gap-default\">\n\t\t\t\t\t<div class=\"elementor-column elementor-col-50 elementor-inner-column elementor-element elementor-element-48c9d0f\" data-id=\"48c9d0f\" data-element_type=\"column\">\n\t\t\t<div class=\"elementor-widget-wrap elementor-element-populated\">\n\t\t\t\t\t\t<div class=\"elementor-element elementor-element-d6a9e73 elementor-widget elementor-widget-text-editor\" data-id=\"d6a9e73\" data-element_type=\"widget\" data-widget_type=\"text-editor.default\">\n\t\t\t\t<div class=\"elementor-widget-container\">\n\t\t\t\t\t\t\t\t\t<p><span style=\"font-weight: 400;\">We are volunteer missionaries for The Church of Jesus Christ of Latter-day Saints. We come from the United States, Canada, Ukraine and other countries.<\/span><\/p><p><span style=\"font-weight: 400;\">We live in the Czech and Slovak Republics for 18 to 24 months and dedicate ourselves to serving others full time. <\/span><\/p><p><span style=\"font-weight: 400;\">We believe the restored gospel of Jesus Christ can help everyone. We invite you to experience the goodness of Christ and His restored church.<\/span><\/p>\t\t\t\t\t\t\t\t<\/div>\n\t\t\t\t<\/div>\n\t\t\t\t<div class=\"elementor-element elementor-element-79a3c76 elementor-widget elementor-widget-spacer\" data-id=\"79a3c76\" data-element_type=\"widget\" data-widget_type=\"spacer.default\">\n\t\t\t\t<div class=\"elementor-widget-container\">\n\t\t\t\t\t\t\t<div class=\"elementor-spacer\">\n\t\t\t<div class=\"elementor-spacer-inner\"><\/div>\n\t\t<\/div>\n\t\t\t\t\t\t<\/div>\n\t\t\t\t<\/div>\n\t\t\t\t<div class=\"elementor-element elementor-element-e1a71d5 elementor-align-left elementor-widget elementor-widget-button\" data-id=\"e1a71d5\" data-element_type=\"widget\" data-widget_type=\"button.default\">\n\t\t\t\t<div class=\"elementor-widget-container\">\n\t\t\t\t\t\t\t\t\t<div class=\"elementor-button-wrapper\">\n\t\t\t\t\t<a class=\"elementor-button elementor-button-link elementor-size-md\" href=\"https:\/\/najitkrista.org\/en\/contact\/\">\n\t\t\t\t\t\t<span class=\"elementor-button-content-wrapper\">\n\t\t\t\t\t\t\t\t\t<span class=\"elementor-button-text\">Contact<\/span>\n\t\t\t\t\t<\/span>\n\t\t\t\t\t<\/a>\n\t\t\t\t<\/div>\n\t\t\t\t\t\t\t\t<\/div>\n\t\t\t\t<\/div>\n\t\t\t\t\t<\/div>\n\t\t<\/div>\n\t\t\t\t<div class=\"elementor-column elementor-col-50 elementor-inner-column elementor-element elementor-element-a4aa482\" data-id=\"a4aa482\" data-element_type=\"column\">\n\t\t\t<div class=\"elementor-widget-wrap elementor-element-populated\">\n\t\t\t\t\t\t<div class=\"elementor-element elementor-element-8426d5e elementor-widget elementor-widget-image\" data-id=\"8426d5e\" data-element_type=\"widget\" data-widget_type=\"image.default\">\n\t\t\t\t<div class=\"elementor-widget-container\">\n\t\t\t\t\t\t\t\t\t\t\t\t\t\t\t<img decoding=\"async\" src=\"https:\/\/najitkrista.org\/wp-content\/uploads\/elementor\/thumbs\/Come-Unto-Christ-missionaries-web-q0pd6mkrjgdex1ju8twlvvkhvn2yhgj2e3qg4ip7vo.jpeg\" title=\"Come-Unto-Christ-missionaries-web\" alt=\"Come-Unto-Christ-missionaries-web\" loading=\"lazy\" \/>\t\t\t\t\t\t\t\t\t\t\t\t\t\t\t<\/div>\n\t\t\t\t<\/div>\n\t\t\t\t<div class=\"elementor-element elementor-element-3092802 elementor-widget elementor-widget-spacer\" data-id=\"3092802\" data-element_type=\"widget\" data-widget_type=\"spacer.default\">\n\t\t\t\t<div class=\"elementor-widget-container\">\n\t\t\t\t\t\t\t<div class=\"elementor-spacer\">\n\t\t\t<div class=\"elementor-spacer-inner\"><\/div>\n\t\t<\/div>\n\t\t\t\t\t\t<\/div>\n\t\t\t\t<\/div>\n\t\t\t\t<div class=\"elementor-element elementor-element-6b859e8 elementor-widget elementor-widget-spacer\" data-id=\"6b859e8\" data-element_type=\"widget\" data-widget_type=\"spacer.default\">\n\t\t\t\t<div class=\"elementor-widget-container\">\n\t\t\t\t\t\t\t<div class=\"elementor-spacer\">\n\t\t\t<div class=\"elementor-spacer-inner\"><\/div>\n\t\t<\/div>\n\t\t\t\t\t\t<\/div>\n\t\t\t\t<\/div>\n\t\t\t\t\t<\/div>\n\t\t<\/div>\n\t\t\t\t\t<\/div>\n\t\t<\/section>\n\t\t\t\t<section class=\"elementor-section elementor-inner-section elementor-element elementor-element-0432f4e elementor-section-boxed elementor-section-height-default elementor-section-height-default\" data-id=\"0432f4e\" data-element_type=\"section\">\n\t\t\t\t\t\t<div class=\"elementor-container elementor-column-gap-default\">\n\t\t\t\t\t<div class=\"elementor-column elementor-col-100 elementor-inner-column elementor-element elementor-element-2863b68\" data-id=\"2863b68\" data-element_type=\"column\">\n\t\t\t<div class=\"elementor-widget-wrap elementor-element-populated\">\n\t\t\t\t\t\t<div class=\"elementor-element elementor-element-c10e3dd elementor-widget elementor-widget-spacer\" data-id=\"c10e3dd\" data-element_type=\"widget\" data-widget_type=\"spacer.default\">\n\t\t\t\t<div class=\"elementor-widget-container\">\n\t\t\t\t\t\t\t<div class=\"elementor-spacer\">\n\t\t\t<div class=\"elementor-spacer-inner\"><\/div>\n\t\t<\/div>\n\t\t\t\t\t\t<\/div>\n\t\t\t\t<\/div>\n\t\t\t\t\t<\/div>\n\t\t<\/div>\n\t\t\t\t\t<\/div>\n\t\t<\/section>\n\t\t\t\t\t<\/div>\n\t\t<\/div>\n\t\t\t\t\t<\/div>\n\t\t<\/section>\n\t\t<div class=\"elementor-element elementor-element-c629ccf e-flex e-con-boxed e-con e-parent\" data-id=\"c629ccf\" data-element_type=\"container\">\n\t\t\t\t\t<div class=\"e-con-inner\">\n\t\t\t\t<div class=\"elementor-element elementor-element-0ccbb57 elementor-widget elementor-widget-heading\" data-id=\"0ccbb57\" data-element_type=\"widget\" data-widget_type=\"heading.default\">\n\t\t\t\t<div class=\"elementor-widget-container\">\n\t\t\t\t\t<h2 class=\"elementor-heading-title elementor-size-default\">What is a Missionary?<\/h2>\t\t\t\t<\/div>\n\t\t\t\t<\/div>\n\t\t\t\t\t<\/div>\n\t\t\t\t<\/div>\n\t\t<div class=\"elementor-element elementor-element-c1ea438 e-flex e-con-boxed e-con e-parent\" data-id=\"c1ea438\" data-element_type=\"container\">\n\t\t\t\t\t<div class=\"e-con-inner\">\n\t\t<div class=\"elementor-element elementor-element-525913c e-con-full e-flex e-con e-child\" data-id=\"525913c\" data-element_type=\"container\">\n\t\t\t\t<div class=\"elementor-element elementor-element-fbb415b elementor-widget elementor-widget-video\" data-id=\"fbb415b\" data-element_type=\"widget\" data-settings=\"{&quot;youtube_url&quot;:&quot;https:\\\/\\\/youtu.be\\\/8AfK0RmkUaU&quot;,&quot;video_type&quot;:&quot;youtube&quot;,&quot;controls&quot;:&quot;yes&quot;}\" data-widget_type=\"video.default\">\n\t\t\t\t<div class=\"elementor-widget-container\">\n\t\t\t\t\t\t\t<div class=\"elementor-wrapper elementor-open-inline\">\n\t\t\t<div class=\"elementor-video\"><\/div>\t\t<\/div>\n\t\t\t\t\t\t<\/div>\n\t\t\t\t<\/div>\n\t\t\t\t<\/div>\n\t\t<div class=\"elementor-element elementor-element-b48de84 e-con-full e-flex e-con e-child\" data-id=\"b48de84\" data-element_type=\"container\">\n\t\t\t\t<div class=\"elementor-element elementor-element-5f1ee39 elementor-widget elementor-widget-video\" data-id=\"5f1ee39\" data-element_type=\"widget\" data-settings=\"{&quot;youtube_url&quot;:&quot;https:\\\/\\\/youtu.be\\\/8tlPy25PnoE&quot;,&quot;video_type&quot;:&quot;youtube&quot;,&quot;controls&quot;:&quot;yes&quot;}\" data-widget_type=\"video.default\">\n\t\t\t\t<div class=\"elementor-widget-container\">\n\t\t\t\t\t\t\t<div class=\"elementor-wrapper elementor-open-inline\">\n\t\t\t<div class=\"elementor-video\"><\/div>\t\t<\/div>\n\t\t\t\t\t\t<\/div>\n\t\t\t\t<\/div>\n\t\t\t\t<\/div>\n\t\t<div class=\"elementor-element elementor-element-1c12abf e-con-full e-flex e-con e-child\" data-id=\"1c12abf\" data-element_type=\"container\">\n\t\t\t\t<div class=\"elementor-element elementor-element-a35e3eb elementor-widget elementor-widget-video\" data-id=\"a35e3eb\" data-element_type=\"widget\" data-settings=\"{&quot;youtube_url&quot;:&quot;https:\\\/\\\/youtu.be\\\/GVAVsciU0Wk&quot;,&quot;video_type&quot;:&quot;youtube&quot;,&quot;controls&quot;:&quot;yes&quot;}\" data-widget_type=\"video.default\">\n\t\t\t\t<div class=\"elementor-widget-container\">\n\t\t\t\t\t\t\t<div class=\"elementor-wrapper elementor-open-inline\">\n\t\t\t<div class=\"elementor-video\"><\/div>\t\t<\/div>\n\t\t\t\t\t\t<\/div>\n\t\t\t\t<\/div>\n\t\t\t\t<\/div>\n\t\t<div class=\"elementor-element elementor-element-f860aca e-con-full e-flex e-con e-child\" data-id=\"f860aca\" data-element_type=\"container\">\n\t\t\t\t<div class=\"elementor-element elementor-element-a088998 elementor-widget elementor-widget-video\" data-id=\"a088998\" data-element_type=\"widget\" data-settings=\"{&quot;youtube_url&quot;:&quot;https:\\\/\\\/youtu.be\\\/UoKUI5iJt4I&quot;,&quot;video_type&quot;:&quot;youtube&quot;,&quot;controls&quot;:&quot;yes&quot;}\" data-widget_type=\"video.default\">\n\t\t\t\t<div class=\"elementor-widget-container\">\n\t\t\t\t\t\t\t<div class=\"elementor-wrapper elementor-open-inline\">\n\t\t\t<div class=\"elementor-video\"><\/div>\t\t<\/div>\n\t\t\t\t\t\t<\/div>\n\t\t\t\t<\/div>\n\t\t\t\t<\/div>\n\t\t\t\t\t<\/div>\n\t\t\t\t<\/div>\n\t\t\t\t<\/div>","protected":false},"excerpt":{"rendered":"<p>O n\u00e1s Jsou V\u017edycky tu pro v\u00e1s Jsme tu, abychom v\u00e1m pomohli naj\u00edt cestu k Bohu. U\u010den\u00ed Je\u017e\u00ed\u0161e Krista zm\u011bnilo na\u0161e \u017eivoty. Jsme dobrovoln\u00ed mision\u00e1\u0159i C\u00edrkve Je\u017e\u00ed\u0161e Krista Svat\u00fdch posledn\u00edch dn\u016f. Poch\u00e1z\u00edme ze Spojen\u00fdch st\u00e1t\u016f, Kanady, Ukrajiny a jin\u00fdch zem\u00ed. V \u010cesk\u00e9 a Slovensk\u00e9 republice \u017eijeme 18 a\u017e 24 m\u011bs\u00edc\u016f a v\u011bnujeme se slu\u017eb\u011b druh\u00fdm [&hellip;]<\/p>","protected":false},"author":1,"featured_media":2373,"parent":0,"menu_order":0,"comment_status":"closed","ping_status":"closed","template":"","meta":{"site-sidebar-layout":"no-sidebar","site-content-layout":"page-builder","ast-site-content-layout":"","site-content-style":"default","site-sidebar-style":"default","ast-global-header-display":"","ast-banner-title-visibility":"","ast-main-header-display":"","ast-hfb-above-header-display":"","ast-hfb-below-header-display":"","ast-hfb-mobile-header-display":"","site-post-title":"disabled","ast-breadcrumbs-content":"","ast-featured-img":"disabled","footer-sml-layout":"","theme-transparent-header-meta":"","adv-header-id-meta":"","stick-header-meta":"","header-above-stick-meta":"","header-main-stick-meta":"","header-below-stick-meta":"","astra-migrate-meta-layouts":"default","ast-page-background-enabled":"default","ast-page-background-meta":{"desktop":{"background-color":"var(--ast-global-color-4)","background-image":"","background-repeat":"repeat","background-position":"center center","background-size":"auto","background-attachment":"scroll","background-type":"","background-media":"","overlay-type":"","overlay-color":"","overlay-opacity":"","overlay-gradient":""},"tablet":{"background-color":"","background-image":"","background-repeat":"repeat","background-position":"center center","background-size":"auto","background-attachment":"scroll","background-type":"","background-media":"","overlay-type":"","overlay-color":"","overlay-opacity":"","overlay-gradient":""},"mobile":{"background-color":"","background-image":"","background-repeat":"repeat","background-position":"center center","background-size":"auto","background-attachment":"scroll","background-type":"","background-media":"","overlay-type":"","overlay-color":"","overlay-opacity":"","overlay-gradient":""}},"ast-content-background-meta":{"desktop":{"background-color":"var(--ast-global-color-5)","background-image":"","background-repeat":"repeat","background-position":"center center","background-size":"auto","background-attachment":"scroll","background-type":"","background-media":"","overlay-type":"","overlay-color":"","overlay-opacity":"","overlay-gradient":""},"tablet":{"background-color":"var(--ast-global-color-5)","background-image":"","background-repeat":"repeat","background-position":"center center","background-size":"auto","background-attachment":"scroll","background-type":"","background-media":"","overlay-type":"","overlay-color":"","overlay-opacity":"","overlay-gradient":""},"mobile":{"background-color":"var(--ast-global-color-5)","background-image":"","background-repeat":"repeat","background-position":"center center","background-size":"auto","background-attachment":"scroll","background-type":"","background-media":"","overlay-type":"","overlay-color":"","overlay-opacity":"","overlay-gradient":""}},"footnotes":""},"class_list":["post-2371","page","type-page","status-publish","has-post-thumbnail","hentry"],"yoast_head":"<!-- This site is optimized with the Yoast SEO plugin v24.7 - https:\/\/yoast.com\/wordpress\/plugins\/seo\/ -->\n<title>About - Naj\u00edt Krista<\/title>\n<meta name=\"description\" content=\"We are here to help you find your path to God through the teachings of Jesus Christ\" \/>\n<meta name=\"robots\" content=\"index, follow, max-snippet:-1, max-image-preview:large, max-video-preview:-1\" \/>\n<link rel=\"canonical\" href=\"https:\/\/najitkrista.org\/en\/about\/\" \/>\n<meta property=\"og:locale\" content=\"en_US\" \/>\n<meta property=\"og:type\" content=\"article\" \/>\n<meta property=\"og:title\" content=\"About - Naj\u00edt Krista\" \/>\n<meta property=\"og:description\" content=\"We are here to help you find your path to God through the teachings of Jesus Christ\" \/>\n<meta property=\"og:url\" content=\"https:\/\/najitkrista.org\/en\/about\/\" \/>\n<meta property=\"og:site_name\" content=\"Naj\u00edt Krista\" \/>\n<meta property=\"article:modified_time\" content=\"2024-06-12T17:09:03+00:00\" \/>\n<meta property=\"og:image\" content=\"https:\/\/najitkrista.org\/wp-content\/uploads\/2023\/02\/IMG_6993-missionaries-web.jpeg\" \/>\n\t<meta property=\"og:image:width\" content=\"1000\" \/>\n\t<meta property=\"og:image:height\" content=\"1168\" \/>\n\t<meta property=\"og:image:type\" content=\"image\/jpeg\" \/>\n<meta name=\"twitter:card\" content=\"summary_large_image\" \/>\n<meta name=\"twitter:label1\" content=\"Est. reading time\" \/>\n\t<meta name=\"twitter:data1\" content=\"1 minute\" \/>\n<script type=\"application\/ld+json\" class=\"yoast-schema-graph\">{\"@context\":\"https:\/\/schema.org\",\"@graph\":[{\"@type\":\"WebPage\",\"@id\":\"https:\/\/najitkrista.org\/about\/\",\"url\":\"https:\/\/najitkrista.org\/about\/\",\"name\":\"About - Naj\u00edt Krista\",\"isPartOf\":{\"@id\":\"https:\/\/najitkrista.org\/en\/#website\"},\"primaryImageOfPage\":{\"@id\":\"https:\/\/najitkrista.org\/about\/#primaryimage\"},\"image\":{\"@id\":\"https:\/\/najitkrista.org\/about\/#primaryimage\"},\"thumbnailUrl\":\"https:\/\/najitkrista.org\/wp-content\/uploads\/2023\/02\/IMG_6993-missionaries-web.jpeg\",\"datePublished\":\"2023-02-15T22:11:22+00:00\",\"dateModified\":\"2024-06-12T17:09:03+00:00\",\"description\":\"We are here to help you find your path to God through the teachings of Jesus Christ\",\"breadcrumb\":{\"@id\":\"https:\/\/najitkrista.org\/about\/#breadcrumb\"},\"inLanguage\":\"en-US\",\"potentialAction\":[{\"@type\":\"ReadAction\",\"target\":[\"https:\/\/najitkrista.org\/about\/\"]}]},{\"@type\":\"ImageObject\",\"inLanguage\":\"en-US\",\"@id\":\"https:\/\/najitkrista.org\/about\/#primaryimage\",\"url\":\"https:\/\/najitkrista.org\/wp-content\/uploads\/2023\/02\/IMG_6993-missionaries-web.jpeg\",\"contentUrl\":\"https:\/\/najitkrista.org\/wp-content\/uploads\/2023\/02\/IMG_6993-missionaries-web.jpeg\",\"width\":1000,\"height\":1168},{\"@type\":\"BreadcrumbList\",\"@id\":\"https:\/\/najitkrista.org\/about\/#breadcrumb\",\"itemListElement\":[{\"@type\":\"ListItem\",\"position\":1,\"name\":\"Home\",\"item\":\"https:\/\/najitkrista.org\/cs\/\"},{\"@type\":\"ListItem\",\"position\":2,\"name\":\"About\"}]},{\"@type\":\"WebSite\",\"@id\":\"https:\/\/najitkrista.org\/en\/#website\",\"url\":\"https:\/\/najitkrista.org\/en\/\",\"name\":\"Naj\u00edt Krista\",\"description\":\"Naj\u00edt Krista\",\"potentialAction\":[{\"@type\":\"SearchAction\",\"target\":{\"@type\":\"EntryPoint\",\"urlTemplate\":\"https:\/\/najitkrista.org\/en\/?s={search_term_string}\"},\"query-input\":{\"@type\":\"PropertyValueSpecification\",\"valueRequired\":true,\"valueName\":\"search_term_string\"}}],\"inLanguage\":\"en-US\"}]}<\/script>\n<!-- \/ Yoast SEO plugin. -->","yoast_head_json":{"title":"About - Naj\u00edt Krista","description":"We are here to help you find your path to God through the teachings of Jesus Christ","robots":{"index":"index","follow":"follow","max-snippet":"max-snippet:-1","max-image-preview":"max-image-preview:large","max-video-preview":"max-video-preview:-1"},"canonical":"https:\/\/najitkrista.org\/en\/about\/","og_locale":"en_US","og_type":"article","og_title":"About - Naj\u00edt Krista","og_description":"We are here to help you find your path to God through the teachings of Jesus Christ","og_url":"https:\/\/najitkrista.org\/en\/about\/","og_site_name":"Naj\u00edt Krista","article_modified_time":"2024-06-12T17:09:03+00:00","og_image":[{"width":1000,"height":1168,"url":"https:\/\/najitkrista.org\/wp-content\/uploads\/2023\/02\/IMG_6993-missionaries-web.jpeg","type":"image\/jpeg"}],"twitter_card":"summary_large_image","twitter_misc":{"Est. reading time":"1 minute"},"schema":{"@context":"https:\/\/schema.org","@graph":[{"@type":"WebPage","@id":"https:\/\/najitkrista.org\/about\/","url":"https:\/\/najitkrista.org\/about\/","name":"About - Naj\u00edt Krista","isPartOf":{"@id":"https:\/\/najitkrista.org\/en\/#website"},"primaryImageOfPage":{"@id":"https:\/\/najitkrista.org\/about\/#primaryimage"},"image":{"@id":"https:\/\/najitkrista.org\/about\/#primaryimage"},"thumbnailUrl":"https:\/\/najitkrista.org\/wp-content\/uploads\/2023\/02\/IMG_6993-missionaries-web.jpeg","datePublished":"2023-02-15T22:11:22+00:00","dateModified":"2024-06-12T17:09:03+00:00","description":"We are here to help you find your path to God through the teachings of Jesus Christ","breadcrumb":{"@id":"https:\/\/najitkrista.org\/about\/#breadcrumb"},"inLanguage":"en-US","potentialAction":[{"@type":"ReadAction","target":["https:\/\/najitkrista.org\/about\/"]}]},{"@type":"ImageObject","inLanguage":"en-US","@id":"https:\/\/najitkrista.org\/about\/#primaryimage","url":"https:\/\/najitkrista.org\/wp-content\/uploads\/2023\/02\/IMG_6993-missionaries-web.jpeg","contentUrl":"https:\/\/najitkrista.org\/wp-content\/uploads\/2023\/02\/IMG_6993-missionaries-web.jpeg","width":1000,"height":1168},{"@type":"BreadcrumbList","@id":"https:\/\/najitkrista.org\/about\/#breadcrumb","itemListElement":[{"@type":"ListItem","position":1,"name":"Home","item":"https:\/\/najitkrista.org\/cs\/"},{"@type":"ListItem","position":2,"name":"About"}]},{"@type":"WebSite","@id":"https:\/\/najitkrista.org\/en\/#website","url":"https:\/\/najitkrista.org\/en\/","name":"Naj\u00edt Krista","description":"Naj\u00edt Krista","potentialAction":[{"@type":"SearchAction","target":{"@type":"EntryPoint","urlTemplate":"https:\/\/najitkrista.org\/en\/?s={search_term_string}"},"query-input":{"@type":"PropertyValueSpecification","valueRequired":true,"valueName":"search_term_string"}}],"inLanguage":"en-US"}]}},"_links":{"self":[{"href":"https:\/\/najitkrista.org\/en\/wp-json\/wp\/v2\/pages\/2371","targetHints":{"allow":["GET"]}}],"collection":[{"href":"https:\/\/najitkrista.org\/en\/wp-json\/wp\/v2\/pages"}],"about":[{"href":"https:\/\/najitkrista.org\/en\/wp-json\/wp\/v2\/types\/page"}],"author":[{"embeddable":true,"href":"https:\/\/najitkrista.org\/en\/wp-json\/wp\/v2\/users\/1"}],"replies":[{"embeddable":true,"href":"https:\/\/najitkrista.org\/en\/wp-json\/wp\/v2\/comments?post=2371"}],"version-history":[{"count":60,"href":"https:\/\/najitkrista.org\/en\/wp-json\/wp\/v2\/pages\/2371\/revisions"}],"predecessor-version":[{"id":5559,"href":"https:\/\/najitkrista.org\/en\/wp-json\/wp\/v2\/pages\/2371\/revisions\/5559"}],"wp:featuredmedia":[{"embeddable":true,"href":"https:\/\/najitkrista.org\/en\/wp-json\/wp\/v2\/media\/2373"}],"wp:attachment":[{"href":"https:\/\/najitkrista.org\/en\/wp-json\/wp\/v2\/media?parent=2371"}],"curies":[{"name":"wp","href":"https:\/\/api.w.org\/{rel}","templated":true}]}}